{"id":576144,"date":"2025-10-23T13:55:48","date_gmt":"2025-10-23T13:55:48","guid":{"rendered":"https:\/\/prem-staging.liveutifree.com\/ligacoes\/"},"modified":"2025-10-23T13:56:30","modified_gmt":"2025-10-23T13:56:30","slug":"ligacoes","status":"publish","type":"page","link":"https:\/\/prem-staging.liveutifree.com\/pt-pt\/ligacoes\/","title":{"rendered":"Liga\u00e7\u00f5es"},"content":{"rendered":"<div id=\"cs-content\" class=\"cs-content\"><div class=\"x-section e576144-e1 mcck0-0\"><div class=\"x-row x-container max width e576144-e2 mcck0-1 mcck0-2 mcck0-3\"><div class=\"x-row-inner\"><div class=\"x-col e576144-e3 mcck0-7 mcck0-8\"><span class=\"x-image e576144-e4 mcck0-a\"><img decoding=\"async\" src=\"https:\/\/prem-staging.liveutifree.com\/wp-content\/uploads\/2025\/04\/UTI-free-logo-pt.svg\" width=\"70\" height=\"83\" alt=\"Log\u00f3tipo com as palavras LIVE UTI Free apresentadas por cima de um tri\u00e2ngulo tridimensional apontando para baixo, sombreado a vermelho e azul escuro.\" loading=\"lazy\"><\/span><\/div><\/div><\/div><hr class=\"x-line e576144-e5-v0 mcck0-b mcck0-c\"\/><div class=\"x-row x-container max width e576144-e6 mcck0-1 mcck0-2 mcck0-4\"><div class=\"x-row-inner\"><div class=\"x-col e576144-e7 mcck0-7 mcck0-9\"><div class=\"x-div e576144-e8 mcck0-e\"><div class=\"x-text x-text-headline e576144-e9 mcck0-f heading-02\"><div class=\"x-text-content\"><div class=\"x-text-content-text\"><h1 class=\"x-text-content-text-primary\">Liga\u00e7\u00f5es \u00fateis<\/h1>\n<\/div><\/div><\/div><hr class=\"x-line e576144-e10-v0 mcck0-b mcck0-c\"\/><a class=\"x-anchor x-anchor-button e576144-e11 mcck0-g mcck0-h button-red-primary\" tabindex=\"0\" href=\"https:\/\/liveutifree.us16.list-manage.com\/subscribe?u=8a5949c3356bba5c9e8fd7798&amp;id=b31e859056\" target=\"_blank\" rel=\"noopener noreferrer\"><div class=\"x-anchor-content\"><div class=\"x-anchor-text\"><span class=\"x-anchor-text-primary\">Inscreve-te na nossa pesquisa<\/span><\/div><\/div><\/a><hr class=\"x-line e576144-e12-v0 mcck0-b mcck0-c\"\/><a class=\"x-anchor x-anchor-button e576144-e13 mcck0-g mcck0-h button-red-primary\" tabindex=\"0\" href=\"https:\/\/podcast.prem-staging.liveutifree.com\/\" target=\"_blank\" rel=\"noopener noreferrer\"><div class=\"x-anchor-content\"><div class=\"x-anchor-text\"><span class=\"x-anchor-text-primary\">Ouve o nosso podcast<\/span><\/div><\/div><\/a><hr class=\"x-line e576144-e14-v0 mcck0-b mcck0-c\"\/><a class=\"x-anchor x-anchor-button e576144-e15 mcck0-g mcck0-h button-blue-primary\" tabindex=\"0\" href=\"https:\/\/youtu.be\/LE-ZWysxASs\" target=\"_blank\" rel=\"noopener noreferrer\"><div class=\"x-anchor-content\"><div class=\"x-anchor-text\"><span class=\"x-anchor-text-primary\">Prof. Harding | V\u00eddeo do ensaio VESPER<\/span><\/div><\/div><\/a><hr class=\"x-line e576144-e16-v0 mcck0-b mcck0-c\"\/><a class=\"x-anchor x-anchor-button e576144-e17 mcck0-g mcck0-h button-blue-primary\" tabindex=\"0\" href=\"https:\/\/liveutifree.com\/vesper-trial\/\"><div class=\"x-anchor-content\"><div class=\"x-anchor-text\"><span class=\"x-anchor-text-primary\">VESPER Trial UK | Instila\u00e7\u00f5es da bexiga<\/span><\/div><\/div><\/a><hr class=\"x-line e576144-e18-v0 mcck0-b mcck0-c\"\/><a class=\"x-anchor x-anchor-button e576144-e19 mcck0-g mcck0-h button-blue-primary\" tabindex=\"0\" href=\"https:\/\/uti-research.my-survey.host\/index.php\/271567?newtest=Y&amp;lang=en\" target=\"_blank\" rel=\"noopener noreferrer\"><div class=\"x-anchor-content\"><div class=\"x-anchor-text\"><span class=\"x-anchor-text-primary\">Estudo de elegibilidade da investiga\u00e7\u00e3o<\/span><\/div><\/div><\/a><hr class=\"x-line e576144-e20-v0 mcck0-b mcck0-c\"\/><a class=\"x-anchor x-anchor-button e576144-e21 mcck0-g mcck0-h button-blue-primary\" tabindex=\"0\" href=\"https:\/\/liveutifree.com\/antibiotic-resistance-recovery\/\"><div class=\"x-anchor-content\"><div class=\"x-anchor-text\"><span class=\"x-anchor-text-primary\">A hist\u00f3ria da UTI resistente a antibi\u00f3ticos da Jean<\/span><\/div><\/div><\/a><hr class=\"x-line e576144-e22-v0 mcck0-b mcck0-c\"\/><a class=\"x-anchor x-anchor-button e576144-e23 mcck0-g mcck0-h button-blue-primary\" tabindex=\"0\" href=\"https:\/\/www.ajog.org\/article\/S0002-9378(15)00745-0\/fulltext?utm_source=chatgpt.com\" target=\"_blank\" rel=\"noopener noreferrer\"><div class=\"x-anchor-content\"><div class=\"x-anchor-text\"><span class=\"x-anchor-text-primary\">Microbioma urin\u00e1rio na incontin\u00eancia urin\u00e1ria de urg\u00eancia<\/span><\/div><\/div><\/a><hr class=\"x-line e576144-e24-v0 mcck0-b mcck0-c\"\/><a class=\"x-anchor x-anchor-button e576144-e25 mcck0-g mcck0-h button-blue-primary\" tabindex=\"0\" href=\"https:\/\/uor-redcap.reading.ac.uk\/surveys\/?s=34YHAXMTMH9MMDP4\" target=\"_blank\" rel=\"noopener noreferrer\"><div class=\"x-anchor-content\"><div class=\"x-anchor-text\"><span class=\"x-anchor-text-primary\">Participa no estudo sobre o bem-estar sexual<\/span><\/div><\/div><\/a><hr class=\"x-line e576144-e26-v0 mcck0-b mcck0-c\"\/><a class=\"x-anchor x-anchor-button e576144-e27 mcck0-g mcck0-h button-red-primary\" tabindex=\"0\" href=\"https:\/\/prem-staging.liveutifree.com\/pt-pt\/contacto-luf\/\"><div class=\"x-anchor-content\"><div class=\"x-anchor-text\"><span class=\"x-anchor-text-primary\">Encontra um m\u00e9dico<\/span><\/div><\/div><\/a><hr class=\"x-line e576144-e28-v0 mcck0-b mcck0-c\"\/><a class=\"x-anchor x-anchor-button e576144-e29 mcck0-g mcck0-h button-red-primary\" tabindex=\"0\" href=\"https:\/\/uti-research.my-survey.host\/index.php\/323165?newtest=Y&amp;lang=en\" target=\"_blank\" rel=\"noopener noreferrer\"><div class=\"x-anchor-content\"><div class=\"x-anchor-text\"><span class=\"x-anchor-text-primary\">Partilha a tua opini\u00e3o sobre o m\u00e9dico<\/span><\/div><\/div><\/a><hr class=\"x-line e576144-e30-v0 mcck0-b mcck0-c\"\/><\/div><\/div><\/div><\/div><hr class=\"x-line e576144-e31-v0 mcck0-c mcck0-d\"\/><div class=\"x-row x-container max width e576144-e32 mcck0-1 mcck0-2 mcck0-5\"><div class=\"x-row-inner\"><div class=\"x-col e576144-e33 mcck0-7 mcck0-9\"><div class=\"x-div e576144-e34 mcck0-e\"><div class=\"x-text x-text-headline e576144-e35 mcck0-f heading-02\"><div class=\"x-text-content\"><div class=\"x-text-content-text\"><h2 class=\"x-text-content-text-primary\">Recursos gratuitos<\/h2>\n<\/div><\/div><\/div><hr class=\"x-line e576144-e36-v0 mcck0-b mcck0-c\"\/><a class=\"x-anchor x-anchor-button e576144-e37 mcck0-g mcck0-h button-blue-primary\" tabindex=\"0\" href=\"https:\/\/prem-staging.liveutifree.com\/pt-pt\/leva-ao-teu-medico-luf\/?utm_campaign=ttyd&amp;utm_source=ig&amp;utm_medium=post\"><div class=\"x-anchor-content\"><div class=\"x-anchor-text\"><span class=\"x-anchor-text-primary\">Leva ao teu m\u00e9dico<\/span><\/div><\/div><\/a><hr class=\"x-line e576144-e38-v0 mcck0-b mcck0-c\"\/><a class=\"x-anchor x-anchor-button e576144-e39 mcck0-g mcck0-h button-blue-primary\" tabindex=\"0\" href=\"https:\/\/prem-staging.liveutifree.com\/pt-pt\/leva-ao-teu-medico-luf\/?utm_campaign=ttyd&amp;utm_source=ig&amp;utm_medium=post\"><div class=\"x-anchor-content\"><div class=\"x-anchor-text\"><span class=\"x-anchor-text-primary\">Ficha de trabalho de marca\u00e7\u00e3o de consultas<\/span><\/div><\/div><\/a><hr class=\"x-line e576144-e40-v0 mcck0-b mcck0-c\"\/><a class=\"x-anchor x-anchor-button e576144-e41 mcck0-g mcck0-h button-blue-primary\" tabindex=\"0\" href=\"https:\/\/liveutifree.us16.list-manage.com\/subscribe?u=8a5949c3356bba5c9e8fd7798&amp;id=7c2f7c5527\"><div class=\"x-anchor-content\"><div class=\"x-anchor-text\"><span class=\"x-anchor-text-primary\">Obt\u00e9m o Ebook dos Suplementos<\/span><\/div><\/div><\/a><hr class=\"x-line e576144-e42-v0 mcck0-b mcck0-c\"\/><a class=\"x-anchor x-anchor-button e576144-e43 mcck0-g mcck0-h button-blue-primary\" tabindex=\"0\" href=\"https:\/\/femologist.com\/?utm_source=luf&amp;utm_medium=ig\" target=\"_blank\" rel=\"noopener noreferrer\"><div class=\"x-anchor-content\"><div class=\"x-anchor-text\"><span class=\"x-anchor-text-primary\">Encontra suplementos controlados<\/span><\/div><\/div><\/a><\/div><\/div><\/div><\/div><hr class=\"x-line e576144-e44-v0 mcck0-c mcck0-d\"\/><div class=\"x-row x-container max width e576144-e45 mcck0-1 mcck0-2 mcck0-6\"><div class=\"x-row-inner\"><div class=\"x-col e576144-e46 mcck0-7 mcck0-9\"><div class=\"x-text x-text-headline e576144-e47 mcck0-f heading-02\"><div class=\"x-text-content\"><div class=\"x-text-content-text\"><h2 class=\"x-text-content-text-primary\">Socials<\/h2>\n<\/div><\/div><\/div><hr class=\"x-line e576144-e48-v0 mcck0-b mcck0-c\"\/><a class=\"x-anchor x-anchor-button has-graphic e576144-e49 mcck0-g mcck0-i button-red-icon-primary\" tabindex=\"0\" href=\"https:\/\/www.facebook.com\/liveUTIfree\/\" target=\"_blank\" rel=\"noopener noreferrer\"><div class=\"x-anchor-content\"><span class=\"x-graphic\" aria-hidden=\"true\"><span class=\"x-image x-graphic-child x-graphic-image x-graphic-primary\"><img decoding=\"async\" src=\"https:\/\/prem-staging.liveutifree.com\/wp-content\/uploads\/2025\/03\/\ud83e\udd86-icon-_heart_-2.svg\" width=\"28\" height=\"27\" alt=\"Blank white background with no visible objects or text.\" loading=\"lazy\"><\/span><\/span><div class=\"x-anchor-text\"><span class=\"x-anchor-text-primary\">Facebook<\/span><\/div><\/div><\/a><hr class=\"x-line e576144-e50-v0 mcck0-b mcck0-c\"\/><a class=\"x-anchor x-anchor-button has-graphic e576144-e51 mcck0-g mcck0-i button-red-icon-primary\" tabindex=\"0\" href=\"https:\/\/twitter.com\/liveUTIfree\/\" target=\"_blank\" rel=\"noopener noreferrer\"><div class=\"x-anchor-content\"><span class=\"x-graphic\" aria-hidden=\"true\"><span class=\"x-image x-graphic-child x-graphic-image x-graphic-primary\"><img decoding=\"async\" src=\"https:\/\/prem-staging.liveutifree.com\/wp-content\/uploads\/2025\/03\/\ud83e\udd86-icon-_heart_-2-1.svg\" width=\"28\" height=\"27\" alt=\"The image is blank with a solid white background and no visible objects or text.\" loading=\"lazy\"><\/span><\/span><div class=\"x-anchor-text\"><span class=\"x-anchor-text-primary\">X anteriormente Twitter<\/span><\/div><\/div><\/a><hr class=\"x-line e576144-e52-v0 mcck0-b mcck0-c\"\/><a class=\"x-anchor x-anchor-button has-graphic e576144-e53 mcck0-g mcck0-i button-red-icon-primary\" tabindex=\"0\" href=\"mailto:team@liveutifree.com\" target=\"_blank\" rel=\"noopener noreferrer\"><div class=\"x-anchor-content\"><span class=\"x-graphic\" aria-hidden=\"true\"><span class=\"x-image x-graphic-child x-graphic-image x-graphic-primary\"><img decoding=\"async\" src=\"https:\/\/prem-staging.liveutifree.com\/wp-content\/uploads\/2025\/03\/\ud83e\udd86-icon-_heart_-1-1.svg\" width=\"28\" height=\"27\" alt=\"Blank white background with no visible objects or features.\" loading=\"lazy\"><\/span><\/span><div class=\"x-anchor-text\"><span class=\"x-anchor-text-primary\">Correio eletr\u00f3nico<\/span><\/div><\/div><\/a><\/div><\/div><\/div><\/div><\/div>","protected":false},"excerpt":{"rendered":"<p>Liga\u00e7\u00f5es \u00fateis Inscreve-te na nossa pesquisaOuve o nosso podcastProf. Harding | V\u00eddeo do ensaio VESPERVESPER Trial UK | Instila\u00e7\u00f5es da bexigaEstudo de elegibilidade da investiga\u00e7\u00e3oA hist\u00f3ria da UTI resistente a antibi\u00f3ticos da JeanMicrobioma urin\u00e1rio na incontin\u00eancia urin\u00e1ria de urg\u00eanciaParticipa no estudo sobre o bem-estar sexualEncontra um m\u00e9dicoPartilha a tua opini\u00e3o sobre o m\u00e9dicoRecursos gratuitos Leva ao teu m\u00e9dicoFicha de trabalho &#8230; <\/p>\n<div><a href=\"https:\/\/prem-staging.liveutifree.com\/pt-pt\/ligacoes\/\" class=\"more-link\">Read More<\/a><\/div>\n","protected":false},"author":1091,"featured_media":0,"parent":0,"menu_order":135,"comment_status":"closed","ping_status":"closed","template":"template-blank-4.php","meta":{"_acf_changed":false,"inline_featured_image":false,"footnotes":""},"class_list":["post-576144","page","type-page","status-publish","hentry","no-post-thumbnail"],"acf":[],"featured_image_src":null,"_links":{"self":[{"href":"https:\/\/prem-staging.liveutifree.com\/pt-pt\/wp-json\/wp\/v2\/pages\/576144","targetHints":{"allow":["GET"]}}],"collection":[{"href":"https:\/\/prem-staging.liveutifree.com\/pt-pt\/wp-json\/wp\/v2\/pages"}],"about":[{"href":"https:\/\/prem-staging.liveutifree.com\/pt-pt\/wp-json\/wp\/v2\/types\/page"}],"author":[{"embeddable":true,"href":"https:\/\/prem-staging.liveutifree.com\/pt-pt\/wp-json\/wp\/v2\/users\/1091"}],"replies":[{"embeddable":true,"href":"https:\/\/prem-staging.liveutifree.com\/pt-pt\/wp-json\/wp\/v2\/comments?post=576144"}],"version-history":[{"count":1,"href":"https:\/\/prem-staging.liveutifree.com\/pt-pt\/wp-json\/wp\/v2\/pages\/576144\/revisions"}],"predecessor-version":[{"id":576187,"href":"https:\/\/prem-staging.liveutifree.com\/pt-pt\/wp-json\/wp\/v2\/pages\/576144\/revisions\/576187"}],"wp:attachment":[{"href":"https:\/\/prem-staging.liveutifree.com\/pt-pt\/wp-json\/wp\/v2\/media?parent=576144"}],"curies":[{"name":"wp","href":"https:\/\/api.w.org\/{rel}","templated":true}]}}