{"id":576188,"date":"2025-10-23T13:55:53","date_gmt":"2025-10-23T13:55:53","guid":{"rendered":"https:\/\/prem-staging.liveutifree.com\/links\/"},"modified":"2025-10-23T13:56:31","modified_gmt":"2025-10-23T13:56:31","slug":"links","status":"publish","type":"page","link":"https:\/\/prem-staging.liveutifree.com\/pt-br\/links\/","title":{"rendered":"Links"},"content":{"rendered":"<div id=\"cs-content\" class=\"cs-content\"><div class=\"x-section e576188-e1 mccl8-0\"><div class=\"x-row x-container max width e576188-e2 mccl8-1 mccl8-2 mccl8-3\"><div class=\"x-row-inner\"><div class=\"x-col e576188-e3 mccl8-7 mccl8-8\"><span class=\"x-image e576188-e4 mccl8-a\"><img decoding=\"async\" src=\"https:\/\/prem-staging.liveutifree.com\/wp-content\/uploads\/2025\/04\/UTI-free-logo-pt.svg\" width=\"70\" height=\"83\" alt=\"Logotipo com as palavras LIVE UTI FREE exibidas acima de um tri\u00e2ngulo tridimensional apontando para baixo, sombreado em vermelho e azul escuro.\" loading=\"lazy\"><\/span><\/div><\/div><\/div><hr class=\"x-line e576188-e5-v0 mccl8-b mccl8-c\"\/><div class=\"x-row x-container max width e576188-e6 mccl8-1 mccl8-2 mccl8-4\"><div class=\"x-row-inner\"><div class=\"x-col e576188-e7 mccl8-7 mccl8-9\"><div class=\"x-div e576188-e8 mccl8-e\"><div class=\"x-text x-text-headline e576188-e9 mccl8-f heading-02\"><div class=\"x-text-content\"><div class=\"x-text-content-text\"><h1 class=\"x-text-content-text-primary\">Links \u00fateis<\/h1>\n<\/div><\/div><\/div><hr class=\"x-line e576188-e10-v0 mccl8-b mccl8-c\"\/><a class=\"x-anchor x-anchor-button e576188-e11 mccl8-g mccl8-h button-red-primary\" tabindex=\"0\" href=\"https:\/\/liveutifree.us16.list-manage.com\/subscribe?u=8a5949c3356bba5c9e8fd7798&amp;id=b31e859056\" target=\"_blank\" rel=\"noopener noreferrer\"><div class=\"x-anchor-content\"><div class=\"x-anchor-text\"><span class=\"x-anchor-text-primary\">Inscreva-se em nossa pesquisa<\/span><\/div><\/div><\/a><hr class=\"x-line e576188-e12-v0 mccl8-b mccl8-c\"\/><a class=\"x-anchor x-anchor-button e576188-e13 mccl8-g mccl8-h button-red-primary\" tabindex=\"0\" href=\"https:\/\/podcast.prem-staging.liveutifree.com\/\" target=\"_blank\" rel=\"noopener noreferrer\"><div class=\"x-anchor-content\"><div class=\"x-anchor-text\"><span class=\"x-anchor-text-primary\">Ou\u00e7a nosso podcast<\/span><\/div><\/div><\/a><hr class=\"x-line e576188-e14-v0 mccl8-b mccl8-c\"\/><a class=\"x-anchor x-anchor-button e576188-e15 mccl8-g mccl8-h button-blue-primary\" tabindex=\"0\" href=\"https:\/\/youtu.be\/LE-ZWysxASs\" target=\"_blank\" rel=\"noopener noreferrer\"><div class=\"x-anchor-content\"><div class=\"x-anchor-text\"><span class=\"x-anchor-text-primary\">Prof. Harding | V\u00eddeo do teste VESPER<\/span><\/div><\/div><\/a><hr class=\"x-line e576188-e16-v0 mccl8-b mccl8-c\"\/><a class=\"x-anchor x-anchor-button e576188-e17 mccl8-g mccl8-h button-blue-primary\" tabindex=\"0\" href=\"https:\/\/liveutifree.com\/vesper-trial\/\"><div class=\"x-anchor-content\"><div class=\"x-anchor-text\"><span class=\"x-anchor-text-primary\">VESPER Trial UK | Instila\u00e7\u00f5es na bexiga<\/span><\/div><\/div><\/a><hr class=\"x-line e576188-e18-v0 mccl8-b mccl8-c\"\/><a class=\"x-anchor x-anchor-button e576188-e19 mccl8-g mccl8-h button-blue-primary\" tabindex=\"0\" href=\"https:\/\/uti-research.my-survey.host\/index.php\/271567?newtest=Y&amp;lang=en\" target=\"_blank\" rel=\"noopener noreferrer\"><div class=\"x-anchor-content\"><div class=\"x-anchor-text\"><span class=\"x-anchor-text-primary\">Estudo de elegibilidade para pesquisa<\/span><\/div><\/div><\/a><hr class=\"x-line e576188-e20-v0 mccl8-b mccl8-c\"\/><a class=\"x-anchor x-anchor-button e576188-e21 mccl8-g mccl8-h button-blue-primary\" tabindex=\"0\" href=\"https:\/\/liveutifree.com\/antibiotic-resistance-recovery\/\"><div class=\"x-anchor-content\"><div class=\"x-anchor-text\"><span class=\"x-anchor-text-primary\">A hist\u00f3ria de Jean sobre a ITU resistente a antibi\u00f3ticos<\/span><\/div><\/div><\/a><hr class=\"x-line e576188-e22-v0 mccl8-b mccl8-c\"\/><a class=\"x-anchor x-anchor-button e576188-e23 mccl8-g mccl8-h button-blue-primary\" tabindex=\"0\" href=\"https:\/\/www.ajog.org\/article\/S0002-9378(15)00745-0\/fulltext?utm_source=chatgpt.com\" target=\"_blank\" rel=\"noopener noreferrer\"><div class=\"x-anchor-content\"><div class=\"x-anchor-text\"><span class=\"x-anchor-text-primary\">Microbioma urin\u00e1rio na incontin\u00eancia urin\u00e1ria de urg\u00eancia<\/span><\/div><\/div><\/a><hr class=\"x-line e576188-e24-v0 mccl8-b mccl8-c\"\/><a class=\"x-anchor x-anchor-button e576188-e25 mccl8-g mccl8-h button-blue-primary\" tabindex=\"0\" href=\"https:\/\/uor-redcap.reading.ac.uk\/surveys\/?s=34YHAXMTMH9MMDP4\" target=\"_blank\" rel=\"noopener noreferrer\"><div class=\"x-anchor-content\"><div class=\"x-anchor-text\"><span class=\"x-anchor-text-primary\">Participe do estudo sobre bem-estar sexual<\/span><\/div><\/div><\/a><hr class=\"x-line e576188-e26-v0 mccl8-b mccl8-c\"\/><a class=\"x-anchor x-anchor-button e576188-e27 mccl8-g mccl8-h button-red-primary\" tabindex=\"0\" href=\"https:\/\/prem-staging.liveutifree.com\/pt-br\/contato-luf\/\"><div class=\"x-anchor-content\"><div class=\"x-anchor-text\"><span class=\"x-anchor-text-primary\">Encontre um m\u00e9dico<\/span><\/div><\/div><\/a><hr class=\"x-line e576188-e28-v0 mccl8-b mccl8-c\"\/><a class=\"x-anchor x-anchor-button e576188-e29 mccl8-g mccl8-h button-red-primary\" tabindex=\"0\" href=\"https:\/\/uti-research.my-survey.host\/index.php\/323165?newtest=Y&amp;lang=en\" target=\"_blank\" rel=\"noopener noreferrer\"><div class=\"x-anchor-content\"><div class=\"x-anchor-text\"><span class=\"x-anchor-text-primary\">Compartilhar coment\u00e1rios sobre o m\u00e9dico<\/span><\/div><\/div><\/a><hr class=\"x-line e576188-e30-v0 mccl8-b mccl8-c\"\/><\/div><\/div><\/div><\/div><hr class=\"x-line e576188-e31-v0 mccl8-c mccl8-d\"\/><div class=\"x-row x-container max width e576188-e32 mccl8-1 mccl8-2 mccl8-5\"><div class=\"x-row-inner\"><div class=\"x-col e576188-e33 mccl8-7 mccl8-9\"><div class=\"x-div e576188-e34 mccl8-e\"><div class=\"x-text x-text-headline e576188-e35 mccl8-f heading-02\"><div class=\"x-text-content\"><div class=\"x-text-content-text\"><h2 class=\"x-text-content-text-primary\">Recursos gratuitos<\/h2>\n<\/div><\/div><\/div><hr class=\"x-line e576188-e36-v0 mccl8-b mccl8-c\"\/><a class=\"x-anchor x-anchor-button e576188-e37 mccl8-g mccl8-h button-blue-primary\" tabindex=\"0\" href=\"https:\/\/prem-staging.liveutifree.com\/pt-br\/leve-ao-seu-medico-luf\/?utm_campaign=ttyd&amp;utm_source=ig&amp;utm_medium=post\"><div class=\"x-anchor-content\"><div class=\"x-anchor-text\"><span class=\"x-anchor-text-primary\">Leve ao seu m\u00e9dico<\/span><\/div><\/div><\/a><hr class=\"x-line e576188-e38-v0 mccl8-b mccl8-c\"\/><a class=\"x-anchor x-anchor-button e576188-e39 mccl8-g mccl8-h button-blue-primary\" tabindex=\"0\" href=\"https:\/\/prem-staging.liveutifree.com\/pt-br\/leve-ao-seu-medico-luf\/?utm_campaign=ttyd&amp;utm_source=ig&amp;utm_medium=post\"><div class=\"x-anchor-content\"><div class=\"x-anchor-text\"><span class=\"x-anchor-text-primary\">Planilha de nomea\u00e7\u00e3o<\/span><\/div><\/div><\/a><hr class=\"x-line e576188-e40-v0 mccl8-b mccl8-c\"\/><a class=\"x-anchor x-anchor-button e576188-e41 mccl8-g mccl8-h button-blue-primary\" tabindex=\"0\" href=\"https:\/\/liveutifree.us16.list-manage.com\/subscribe?u=8a5949c3356bba5c9e8fd7798&amp;id=7c2f7c5527\"><div class=\"x-anchor-content\"><div class=\"x-anchor-text\"><span class=\"x-anchor-text-primary\">Obter o Ebook de Suplementos<\/span><\/div><\/div><\/a><hr class=\"x-line e576188-e42-v0 mccl8-b mccl8-c\"\/><a class=\"x-anchor x-anchor-button e576188-e43 mccl8-g mccl8-h button-blue-primary\" tabindex=\"0\" href=\"https:\/\/femologist.com\/?utm_source=luf&amp;utm_medium=ig\" target=\"_blank\" rel=\"noopener noreferrer\"><div class=\"x-anchor-content\"><div class=\"x-anchor-text\"><span class=\"x-anchor-text-primary\">Encontre suplementos aprovados<\/span><\/div><\/div><\/a><\/div><\/div><\/div><\/div><hr class=\"x-line e576188-e44-v0 mccl8-c mccl8-d\"\/><div class=\"x-row x-container max width e576188-e45 mccl8-1 mccl8-2 mccl8-6\"><div class=\"x-row-inner\"><div class=\"x-col e576188-e46 mccl8-7 mccl8-9\"><div class=\"x-text x-text-headline e576188-e47 mccl8-f heading-02\"><div class=\"x-text-content\"><div class=\"x-text-content-text\"><h2 class=\"x-text-content-text-primary\">Socials<\/h2>\n<\/div><\/div><\/div><hr class=\"x-line e576188-e48-v0 mccl8-b mccl8-c\"\/><a class=\"x-anchor x-anchor-button has-graphic e576188-e49 mccl8-g mccl8-i button-red-icon-primary\" tabindex=\"0\" href=\"https:\/\/www.facebook.com\/liveUTIfree\/\" target=\"_blank\" rel=\"noopener noreferrer\"><div class=\"x-anchor-content\"><span class=\"x-graphic\" aria-hidden=\"true\"><span class=\"x-image x-graphic-child x-graphic-image x-graphic-primary\"><img decoding=\"async\" src=\"https:\/\/prem-staging.liveutifree.com\/wp-content\/uploads\/2025\/03\/\ud83e\udd86-icon-_heart_-2.svg\" width=\"28\" height=\"27\" alt=\"Blank white background with no visible objects or text.\" loading=\"lazy\"><\/span><\/span><div class=\"x-anchor-text\"><span class=\"x-anchor-text-primary\">Facebook<\/span><\/div><\/div><\/a><hr class=\"x-line e576188-e50-v0 mccl8-b mccl8-c\"\/><a class=\"x-anchor x-anchor-button has-graphic e576188-e51 mccl8-g mccl8-i button-red-icon-primary\" tabindex=\"0\" href=\"https:\/\/twitter.com\/liveUTIfree\/\" target=\"_blank\" rel=\"noopener noreferrer\"><div class=\"x-anchor-content\"><span class=\"x-graphic\" aria-hidden=\"true\"><span class=\"x-image x-graphic-child x-graphic-image x-graphic-primary\"><img decoding=\"async\" src=\"https:\/\/prem-staging.liveutifree.com\/wp-content\/uploads\/2025\/03\/\ud83e\udd86-icon-_heart_-2-1.svg\" width=\"28\" height=\"27\" alt=\"The image is blank with a solid white background and no visible objects or text.\" loading=\"lazy\"><\/span><\/span><div class=\"x-anchor-text\"><span class=\"x-anchor-text-primary\">X anteriormente Twitter<\/span><\/div><\/div><\/a><hr class=\"x-line e576188-e52-v0 mccl8-b mccl8-c\"\/><a class=\"x-anchor x-anchor-button has-graphic e576188-e53 mccl8-g mccl8-i button-red-icon-primary\" tabindex=\"0\" href=\"mailto:team@liveutifree.com\" target=\"_blank\" rel=\"noopener noreferrer\"><div class=\"x-anchor-content\"><span class=\"x-graphic\" aria-hidden=\"true\"><span class=\"x-image x-graphic-child x-graphic-image x-graphic-primary\"><img decoding=\"async\" src=\"https:\/\/prem-staging.liveutifree.com\/wp-content\/uploads\/2025\/03\/\ud83e\udd86-icon-_heart_-1-1.svg\" width=\"28\" height=\"27\" alt=\"Blank white background with no visible objects or features.\" loading=\"lazy\"><\/span><\/span><div class=\"x-anchor-text\"><span class=\"x-anchor-text-primary\">E-mail<\/span><\/div><\/div><\/a><\/div><\/div><\/div><\/div><\/div>","protected":false},"excerpt":{"rendered":"<p>Links \u00fateis Inscreva-se em nossa pesquisaOu\u00e7a nosso podcastProf. Harding | V\u00eddeo do teste VESPERVESPER Trial UK | Instila\u00e7\u00f5es na bexigaEstudo de elegibilidade para pesquisaA hist\u00f3ria de Jean sobre a ITU resistente a antibi\u00f3ticosMicrobioma urin\u00e1rio na incontin\u00eancia urin\u00e1ria de urg\u00eanciaParticipe do estudo sobre bem-estar sexualEncontre um m\u00e9dicoCompartilhar coment\u00e1rios sobre o m\u00e9dicoRecursos gratuitos Leve ao seu m\u00e9dicoPlanilha de nomea\u00e7\u00e3oObter o Ebook de &#8230; <\/p>\n<div><a href=\"https:\/\/prem-staging.liveutifree.com\/pt-br\/links\/\" class=\"more-link\">Read More<\/a><\/div>\n","protected":false},"author":1091,"featured_media":0,"parent":0,"menu_order":134,"comment_status":"closed","ping_status":"closed","template":"template-blank-4.php","meta":{"_acf_changed":false,"inline_featured_image":false,"footnotes":""},"class_list":["post-576188","page","type-page","status-publish","hentry","no-post-thumbnail"],"acf":[],"featured_image_src":null,"_links":{"self":[{"href":"https:\/\/prem-staging.liveutifree.com\/pt-br\/wp-json\/wp\/v2\/pages\/576188","targetHints":{"allow":["GET"]}}],"collection":[{"href":"https:\/\/prem-staging.liveutifree.com\/pt-br\/wp-json\/wp\/v2\/pages"}],"about":[{"href":"https:\/\/prem-staging.liveutifree.com\/pt-br\/wp-json\/wp\/v2\/types\/page"}],"author":[{"embeddable":true,"href":"https:\/\/prem-staging.liveutifree.com\/pt-br\/wp-json\/wp\/v2\/users\/1091"}],"replies":[{"embeddable":true,"href":"https:\/\/prem-staging.liveutifree.com\/pt-br\/wp-json\/wp\/v2\/comments?post=576188"}],"version-history":[{"count":1,"href":"https:\/\/prem-staging.liveutifree.com\/pt-br\/wp-json\/wp\/v2\/pages\/576188\/revisions"}],"predecessor-version":[{"id":576231,"href":"https:\/\/prem-staging.liveutifree.com\/pt-br\/wp-json\/wp\/v2\/pages\/576188\/revisions\/576231"}],"wp:attachment":[{"href":"https:\/\/prem-staging.liveutifree.com\/pt-br\/wp-json\/wp\/v2\/media?parent=576188"}],"curies":[{"name":"wp","href":"https:\/\/api.w.org\/{rel}","templated":true}]}}