{"id":554565,"date":"2025-09-07T10:55:54","date_gmt":"2025-09-07T10:55:54","guid":{"rendered":"https:\/\/prem-staging.liveutifree.com\/trabalhe-conosco-luf\/"},"modified":"2025-10-23T14:18:52","modified_gmt":"2025-10-23T14:18:52","slug":"trabalhe-conosco-luf","status":"publish","type":"page","link":"https:\/\/prem-staging.liveutifree.com\/pt-br\/trabalhe-conosco-luf\/","title":{"rendered":"Trabalhe conosco"},"content":{"rendered":"<div id=\"cs-content\" class=\"cs-content\"><div class=\"x-section e554565-e1 mbvwl-0 mbvwl-1\"><div class=\"x-row e554565-e2 mbvwl-3 mbvwl-4 mbvwl-5 mbvwl-6 mbvwl-7 mbvwl-d mbvwl-e\"><div class=\"x-row-inner\"><div class=\"x-col e554565-e3 mbvwl-p mbvwl-q\"><div class=\"x-text x-text-headline e554565-e4 mbvwl-10 mbvwl-11 heading-02\"><div class=\"x-text-content\"><div class=\"x-text-content-text\"><h1 class=\"x-text-content-text-primary\">Envolva nossa equipe<\/h1>\n<\/div><\/div><\/div><\/div><div class=\"x-col e554565-e5 mbvwl-p mbvwl-q mbvwl-r mbvwl-s mbvwl-t\"><div class=\"x-text x-content e554565-e6 mbvwl-13 mbvwl-14 mbvwl-15 body-medium\"><span>A Live UTI Free trabalha com organiza\u00e7\u00f5es do setor de sa\u00fade da mulher para melhorar a experi\u00eancia e a vida das pacientes em todos os aspectos da sa\u00fade e do bem-estar. Se voc\u00ea est\u00e1 procurando   <\/span><strong>engajar<\/strong><span> <\/span><strong>nossa comunidade<\/strong><span>,<\/span><strong><span> <\/span>aprender com voc\u00ea<\/strong><span> <\/span><strong>voc\u00ea \u00e9 um cliente<\/strong><span>ou <\/span><strong>financiar pesquisas<\/strong><span> que mudar\u00e3o a vida das pessoas, voc\u00ea veio ao lugar certo.<\/span><\/div><\/div><\/div><\/div><hr class=\"x-line e554565-e7-v0 mbvwl-16 mbvwl-17\"\/><div class=\"x-row x-container max width e554565-e8 mbvwl-3 mbvwl-5 mbvwl-7 mbvwl-8 mbvwl-d mbvwl-f\"><div class=\"x-row-inner\"><div class=\"x-col e554565-e9 mbvwl-p mbvwl-q\"><div class=\"x-text x-text-headline e554565-e10 mbvwl-10 mbvwl-11 heading-03\"><div class=\"x-text-content\"><div class=\"x-text-content-text\"><h2 class=\"x-text-content-text-primary\">Onde podemos ajudar?<\/h2>\n<\/div><\/div><\/div><\/div><div class=\"x-col e554565-e11 mbvwl-p mbvwl-q\"><div class=\"x-div e554565-e12 mbvwl-1d mbvwl-1e mbvwl-1f mbvwl-1g mbvwl-1h\"><div class=\"x-text x-content e554565-e13 mbvwl-14 mbvwl-15 link-medium-default\"><span style=\"text-decoration: underline;\"><span style=\"color: #c74f4d;\"><a href=\"#enlist\" style=\"color: #c74f4d; text-decoration: underline;\">Contrate nossos servi\u00e7os<\/a><\/span><\/span><\/div><div class=\"x-div x-hide-xs e554565-e14 mbvwl-1d mbvwl-1f mbvwl-1g mbvwl-1i mbvwl-1j\"><\/div><div class=\"x-text x-content e554565-e15 mbvwl-14 mbvwl-15 link-medium-default\"><a href=\"#sponsorship\"><span style=\"text-decoration: underline;\">Patroc\u00ednios<\/span><\/a><\/div><div class=\"x-div x-hide-xs e554565-e16 mbvwl-1d mbvwl-1f mbvwl-1g mbvwl-1i mbvwl-1j\"><\/div><div class=\"x-text x-content e554565-e17 mbvwl-14 mbvwl-15 link-medium-default\"><a href=\"#diagnostic\"><span style=\"text-decoration: underline;\">Empresas de diagn\u00f3stico<\/span><\/a><\/div><\/div><\/div><\/div><\/div><hr class=\"x-line e554565-e18-v0 mbvwl-16 mbvwl-17\"\/><div class=\"x-row e554565-e19 mbvwl-3 mbvwl-5 mbvwl-7 mbvwl-9 mbvwl-a mbvwl-d mbvwl-g\"><div class=\"x-row-inner\"><div class=\"x-col e554565-e20 mbvwl-p mbvwl-q\"><div class=\"x-div e554565-e21 mbvwl-1g mbvwl-1h\" id=\"enlist\"><div class=\"x-text x-text-headline e554565-e22 mbvwl-10 mbvwl-11 heading-03\"><div class=\"x-text-content\"><div class=\"x-text-content-text\"><h1 class=\"x-text-content-text-primary\">Contrate nossos servi\u00e7os<\/h1>\n<\/div><\/div><\/div><\/div><\/div><div class=\"x-col e554565-e23 mbvwl-p mbvwl-q\"><div class=\"x-row e554565-e24 mbvwl-3 mbvwl-5 mbvwl-8 mbvwl-b mbvwl-h mbvwl-i\"><div class=\"x-row-inner\"><a class=\"x-col e554565-e25 mbvwl-p mbvwl-r mbvwl-t mbvwl-u mbvwl-v\" href=\"#work-with-contact\"><div class=\"x-text x-text-headline e554565-e26 mbvwl-10 heading-06\"><div class=\"x-text-content\"><div class=\"x-text-content-text\"><h1 class=\"x-text-content-text-primary\">Insights de pacientes e consumidores<\/h1>\n<\/div><\/div><\/div><hr class=\"x-line e554565-e27-v0 mbvwl-17 mbvwl-18\"\/><div class=\"x-text x-content e554565-e28 mbvwl-14 body-regular\">Desenvolva uma compreens\u00e3o mais profunda das necessidades de seus clientes no campo da sa\u00fade da mulher.<\/div><hr class=\"x-line e554565-e29-v0 mbvwl-17 mbvwl-19\"\/><div class=\"x-text x-content e554565-e30 mbvwl-14 link-medium-red\"><span style=\"text-decoration: underline;\"><span >Saiba mais \u2192 Voc\u00ea pode se inscrever para o programa de treinamento.<\/span><\/span><\/div><\/a><a class=\"x-col e554565-e31 mbvwl-p mbvwl-r mbvwl-t mbvwl-u mbvwl-v\" href=\"#work-with-contact\"><div class=\"x-text x-text-headline e554565-e32 mbvwl-10 heading-06\"><div class=\"x-text-content\"><div class=\"x-text-content-text\"><h1 class=\"x-text-content-text-primary\">Paciente e recrutamento<\/h1>\n<\/div><\/div><\/div><hr class=\"x-line e554565-e33-v0 mbvwl-17 mbvwl-18\"\/><div class=\"x-text x-content e554565-e34 mbvwl-14 body-regular\">Para estudos cl\u00ednicos, pesquisa qualitativa, pesquisas e consultores de envolvimento p\u00fablico e de pacientes.<\/div><hr class=\"x-line e554565-e35-v0 mbvwl-17 mbvwl-19\"\/><div class=\"x-text x-content e554565-e36 mbvwl-14 link-medium-red\"><span style=\"text-decoration: underline;\"><span >Saiba mais \u2192 Voc\u00ea pode se inscrever para o programa de treinamento.<\/span><\/span><\/div><\/a><a class=\"x-col e554565-e37 mbvwl-p mbvwl-r mbvwl-t mbvwl-u mbvwl-v\" href=\"#work-with-contact\"><div class=\"x-text x-text-headline e554565-e38 mbvwl-10 heading-06\"><div class=\"x-text-content\"><div class=\"x-text-content-text\"><h1 class=\"x-text-content-text-primary\">Projeto do estudo<\/h1>\n<\/div><\/div><\/div><hr class=\"x-line e554565-e39-v0 mbvwl-17 mbvwl-18\"\/><div class=\"x-text x-content e554565-e40 mbvwl-14 body-regular\">Envolva nossa equipe de pesquisa para projetar ou fornecer feedback sobre o protocolo do seu estudo.<\/div><hr class=\"x-line e554565-e41-v0 mbvwl-17 mbvwl-19\"\/><div class=\"x-text x-content e554565-e42 mbvwl-14 link-medium-red\"><span style=\"text-decoration: underline;\"><span >Saiba mais \u2192 Voc\u00ea pode se inscrever para o programa de treinamento.<\/span><\/span><\/div><\/a><\/div><\/div><\/div><\/div><\/div><hr class=\"x-line e554565-e43-v0 mbvwl-17 mbvwl-1a\"\/><div class=\"x-row e554565-e44 mbvwl-3 mbvwl-5 mbvwl-7 mbvwl-9 mbvwl-a mbvwl-d mbvwl-j\"><div class=\"x-row-inner\"><div class=\"x-col e554565-e45 mbvwl-p mbvwl-q\"><div class=\"x-div e554565-e46 mbvwl-1g mbvwl-1h\" id=\"sponsorship\"><div class=\"x-text x-text-headline e554565-e47 mbvwl-10 mbvwl-11 heading-03\"><div class=\"x-text-content\"><div class=\"x-text-content-text\"><h3 class=\"x-text-content-text-primary\">Oportunidades de patroc\u00ednio<\/h3>\n<\/div><\/div><\/div><\/div><\/div><div class=\"x-col e554565-e48 mbvwl-p mbvwl-q\"><div class=\"x-row e554565-e49 mbvwl-3 mbvwl-5 mbvwl-8 mbvwl-b mbvwl-h mbvwl-k\"><div class=\"x-row-inner\"><a class=\"x-col e554565-e50 mbvwl-p mbvwl-r mbvwl-t mbvwl-u mbvwl-w\" href=\"#work-with-contact\"><div class=\"x-text x-text-headline e554565-e51 mbvwl-10 heading-06\"><div class=\"x-text-content\"><div class=\"x-text-content-text\"><h6 class=\"x-text-content-text-primary\">Parcerias de conte\u00fado<\/h6>\n<\/div><\/div><\/div><hr class=\"x-line e554565-e52-v0 mbvwl-17 mbvwl-18\"\/><div class=\"x-text x-content e554565-e53 mbvwl-14 body-regular\">Patrocine nossos v\u00eddeos no YouTube, apresente seus produtos ou servi\u00e7os \u00e0 nossa lista de e-mails ou colabore em conte\u00fado rec\u00edproco com nossa equipe. Entre em contato conosco para obter uma an\u00e1lise detalhada de nossas diversas oportunidades de conte\u00fado. <\/div><hr class=\"x-line e554565-e54-v0 mbvwl-17 mbvwl-19\"\/><div class=\"x-text x-content e554565-e55 mbvwl-14 link-medium-red\"><span style=\"text-decoration: underline;\"><span >Entre em contato com a gente \u2192 Voc\u00ea pode entrar em contato com a gente.<\/span><\/span><\/div><\/a><a class=\"x-col e554565-e56 mbvwl-p mbvwl-r mbvwl-t mbvwl-u mbvwl-w\" href=\"#work-with-contact\"><div class=\"x-text x-text-headline e554565-e57 mbvwl-10 heading-06\"><div class=\"x-text-content\"><div class=\"x-text-content-text\"><h1 class=\"x-text-content-text-primary\">Pesquisa com pacientes<\/h1>\n<\/div><\/div><\/div><hr class=\"x-line e554565-e58-v0 mbvwl-17 mbvwl-18\"\/><div class=\"x-text x-content e554565-e59 mbvwl-14 body-regular\">Torne-se um patrocinador nomeado e promovido de nossas iniciativas de pesquisa que mudam a vida das mulheres e da ITU.<\/div><hr class=\"x-line e554565-e60-v0 mbvwl-17 mbvwl-19\"\/><div class=\"x-text x-content e554565-e61 mbvwl-14 link-medium-red\"><span style=\"text-decoration: underline;\"><span >Pesquisa de fundos \u2192 Voc\u00ea pode fazer uma pesquisa de fundos.<\/span><\/span><\/div><\/a><a class=\"x-col e554565-e62 mbvwl-p mbvwl-r mbvwl-t mbvwl-u mbvwl-w\" href=\"#work-with-contact\"><div class=\"x-text x-text-headline e554565-e63 mbvwl-10 heading-06\"><div class=\"x-text-content\"><div class=\"x-text-content-text\"><h1 class=\"x-text-content-text-primary\">Financiamento do doutorado<\/h1>\n<\/div><\/div><\/div><hr class=\"x-line e554565-e64-v0 mbvwl-17 mbvwl-18\"\/><div class=\"x-text x-content e554565-e65 mbvwl-14 body-regular\">Patrocine pesquisas de doutorado e obtenha acesso direto ao conhecimento deles por meio do Live UTO Free. Nosso programa de doutorado j\u00e1 resultou em v\u00e1rias publica\u00e7\u00f5es que est\u00e3o ajudando a impulsionar a pesquisa em UTI. <\/div><hr class=\"x-line e554565-e66-v0 mbvwl-17 mbvwl-19\"\/><div class=\"x-text x-content e554565-e67 mbvwl-14 link-medium-red\"><span style=\"text-decoration: underline;\"><span >Saiba mais \u2192 Voc\u00ea pode se inscrever para o programa de treinamento.<\/span><\/span><\/div><\/a><\/div><\/div><\/div><\/div><\/div><hr class=\"x-line e554565-e68-v0 mbvwl-17 mbvwl-1a\"\/><div class=\"x-row e554565-e69 mbvwl-3 mbvwl-4 mbvwl-5 mbvwl-7 mbvwl-a mbvwl-d mbvwl-l\"><div class=\"x-row-inner\"><div class=\"x-col e554565-e70 mbvwl-p mbvwl-q\"><div class=\"x-div e554565-e71 mbvwl-1g mbvwl-1h\" id=\"diagnostic\"><div class=\"x-text x-text-headline e554565-e72 mbvwl-10 mbvwl-11 heading-03\"><div class=\"x-text-content\"><div class=\"x-text-content-text\"><h1 class=\"x-text-content-text-primary\">Explore as parcerias de diagn\u00f3stico<\/h1>\n<\/div><\/div><\/div><\/div><\/div><div class=\"x-col e554565-e73 mbvwl-p mbvwl-q mbvwl-r mbvwl-s mbvwl-x\"><span class=\"x-image e554565-e74 mbvwl-1m mbvwl-1n\"><img decoding=\"async\" src=\"https:\/\/prem-staging.liveutifree.com\/wp-content\/uploads\/2024\/02\/Group-87-1.png\" width=\"1564\" height=\"664\" alt=\"Banner promocional azul que exibe pacotes de patroc\u00ednio para a LUF: Gold (listagem no diret\u00f3rio), Platinum (artigo e envolvimento na comunidade) e Sapphire (op\u00e7\u00e3o personalizada). Os elementos visuais incluem emblemas dourados e prateados. O texto convida os usu\u00e1rios a trabalhar conosco para encontrar o pacote ideal.\" loading=\"lazy\"><\/span><\/div><\/div><\/div><hr class=\"x-line e554565-e75-v0 mbvwl-16 mbvwl-17\"\/><div class=\"x-row e554565-e76 mbvwl-3 mbvwl-4 mbvwl-5 mbvwl-6 mbvwl-7 mbvwl-d mbvwl-m\"><div class=\"x-row-inner\"><div class=\"x-col e554565-e77 mbvwl-p mbvwl-q mbvwl-r mbvwl-s mbvwl-t\"><div class=\"x-text x-content e554565-e78 mbvwl-14 body-medium\"><p>Agende uma chamada de descoberta com a nossa equipe e seja guiado por um workshop interativo que revelar\u00e1 os objetivos da sua empresa e nos permitir\u00e1 desenvolver um pacote promocional personalizado que melhor se adapte \u00e0 sua estrat\u00e9gia de mercado.<\/p>\n<p>As empresas de diagn\u00f3stico que se alinham \u00e0 miss\u00e3o do Live UTI Free t\u00eam a oportunidade de se tornar patrocinadoras.<\/p><\/div><hr class=\"x-line e554565-e79-v0 mbvwl-17 mbvwl-1b\"\/><div class=\"x-div e554565-e80 mbvwl-1d mbvwl-1e mbvwl-1g mbvwl-1h mbvwl-1k\"><div class=\"x-text x-content e554565-e81 mbvwl-14 body-regular\"><a href=\"#work-with-contact\"><span style=\"text-decoration: underline;\">Saiba mais \u2192 Voc\u00ea pode se inscrever no site.<\/span><\/a><\/div><\/div><\/div><\/div><\/div><\/div><div class=\"x-section e554565-e82 mbvwl-0 mbvwl-2\" id=\"work-with-contact\"><div class=\"x-row x-container max width e554565-e83 mbvwl-3 mbvwl-7 mbvwl-8 mbvwl-c mbvwl-d mbvwl-n\"><div class=\"x-row-inner\"><div class=\"x-col e554565-e84 mbvwl-p mbvwl-q mbvwl-y\"><div class=\"x-div e554565-e85 mbvwl-1g mbvwl-1h\"><div class=\"x-text x-text-headline e554565-e86 mbvwl-10 mbvwl-11 heading-02\"><div class=\"x-text-content\"><div class=\"x-text-content-text\"><h2 class=\"x-text-content-text-primary\">Entre em contato<\/h2>\n<\/div><\/div><\/div><hr class=\"x-line e554565-e87-v0 mbvwl-16 mbvwl-17\"\/><\/div><div class=\"x-form-integration x-form-integration-embed e554565-e88 mbvwl-1q\"><div class=\"forminator-ui forminator-custom-form forminator-custom-form-548578 forminator-design--material  forminator_ajax\" data-forminator-render=\"0\" data-form=\"forminator-module-548578\" data-uid=\"69ef86680f9d9\"><br\/><\/div><form\r\n\t\t\t\tid=\"forminator-module-548578\"\r\n\t\t\t\tclass=\"forminator-ui forminator-custom-form forminator-custom-form-548578 forminator-design--material  forminator_ajax\"\r\n\t\t\t\tmethod=\"post\"\r\n\t\t\t\tdata-forminator-render=\"0\"\r\n\t\t\t\tdata-form-id=\"548578\"\r\n\t\t\t\t data-color-option=\"theme\" data-design=\"material\" data-grid=\"open\" style=\"display: none;\"\r\n\t\t\t\tdata-uid=\"69ef86680f9d9\"\r\n\t\t\t><div role=\"alert\" aria-live=\"polite\" class=\"forminator-response-message forminator-error\" aria-hidden=\"true\"><\/div><div class=\"forminator-row\"><div id=\"name-1\" class=\"forminator-field-name forminator-col forminator-col-12 \"><div class=\"forminator-field\"><label for=\"forminator-field-name-1_69ef86680f9d9\" id=\"forminator-field-name-1_69ef86680f9d9-label\" class=\"forminator-label\">Full name <span class=\"forminator-required\">*<\/span><\/label><input type=\"text\" name=\"name-1\" value=\"\" placeholder=\"\" id=\"forminator-field-name-1_69ef86680f9d9\" class=\"forminator-input forminator-name--field\" aria-required=\"true\" autocomplete=\"name\" \/><\/div><\/div><\/div><div class=\"forminator-row\"><div id=\"email-1\" class=\"forminator-field-email forminator-col forminator-col-12 \"><div class=\"forminator-field\"><label for=\"forminator-field-email-1_69ef86680f9d9\" id=\"forminator-field-email-1_69ef86680f9d9-label\" class=\"forminator-label\">Email address <span class=\"forminator-required\">*<\/span><\/label><input type=\"email\" name=\"email-1\" value=\"\" placeholder=\"\" id=\"forminator-field-email-1_69ef86680f9d9\" class=\"forminator-input forminator-email--field\" data-required=\"1\" aria-required=\"true\" autocomplete=\"email\" \/><\/div><\/div><\/div><div class=\"forminator-row\"><div id=\"textarea-1\" class=\"forminator-field-textarea forminator-col forminator-col-12 \"><div class=\"forminator-field\"><label for=\"forminator-field-textarea-1_69ef86680f9d9\" id=\"forminator-field-textarea-1_69ef86680f9d9-label\" class=\"forminator-label\">Organization\/Company name <span class=\"forminator-required\">*<\/span><\/label><textarea name=\"textarea-1\" placeholder=\"\" id=\"forminator-field-textarea-1_69ef86680f9d9\" class=\"forminator-textarea\" rows=\"6\" style=\"--forminator-textarea-min-height:20px;\" ><\/textarea><\/div><\/div><\/div><div class=\"forminator-row\"><div id=\"textarea-3\" class=\"forminator-field-textarea forminator-col forminator-col-12 \"><div class=\"forminator-field\"><label for=\"forminator-field-textarea-3_69ef86680f9d9\" id=\"forminator-field-textarea-3_69ef86680f9d9-label\" class=\"forminator-label\">Role\/Position<\/label><textarea name=\"textarea-3\" placeholder=\"\" id=\"forminator-field-textarea-3_69ef86680f9d9\" class=\"forminator-textarea\" rows=\"6\" style=\"--forminator-textarea-min-height:20px;\" ><\/textarea><\/div><\/div><\/div><div class=\"forminator-row\"><div id=\"select-1\" class=\"forminator-field-select forminator-col forminator-col-12 \"><div class=\"forminator-field\"><label for=\"forminator-form-548578__field--select-1_69ef86680f9d9\" id=\"forminator-form-548578__field--select-1_69ef86680f9d9-label\" class=\"forminator-label\">Services you&#039;re interested in <span class=\"forminator-required\">*<\/span><\/label><select  id=\"forminator-form-548578__field--select-1_69ef86680f9d9\" class=\"forminator-select--field forminator-select2 forminator-select2-multiple\" data-required=\"1\" name=\"select-1\" data-default-value=\"\" data-hidden-behavior=\"zero\" data-placeholder=\"Select your interest\" data-search=\"false\" data-search-placeholder=\"Select your interest\" data-checkbox=\"false\" data-allow-clear=\"false\" aria-labelledby=\"forminator-form-548578__field--select-1_69ef86680f9d9-label\"><option value=\"\"  >Select your interest<\/option><option value=\"one\"  data-calculation=\"0\">Patient &amp; Consumer Insights<\/option><option value=\"two\"  data-calculation=\"0\">Patient Recruitment<\/option><option value=\"Study-Design\"  data-calculation=\"0\">Study Design<\/option><option value=\"Content-Partnerships\"  data-calculation=\"0\">Content Partnership<\/option><option value=\"Researcher-Sponsorship\"  data-calculation=\"0\">Research Sponsorship<\/option><option value=\"Diagnostic-Partnerships\"  data-calculation=\"0\">Diagnostic Partnership<\/option><\/select><\/div><\/div><\/div><div class=\"forminator-row\"><div id=\"textarea-2\" class=\"forminator-field-textarea forminator-col forminator-col-12 \"><div class=\"forminator-field\"><label for=\"forminator-field-textarea-2_69ef86680f9d9\" id=\"forminator-field-textarea-2_69ef86680f9d9-label\" class=\"forminator-label\">Tell us about your project and goals<\/label><textarea name=\"textarea-2\" placeholder=\"\" id=\"forminator-field-textarea-2_69ef86680f9d9\" class=\"forminator-textarea\" rows=\"6\" style=\"--forminator-textarea-min-height:42px;\" ><\/textarea><\/div><\/div><\/div><div class=\"forminator-row\"><div id=\"select-2\" class=\"forminator-field-select forminator-col forminator-col-12 \"><div class=\"forminator-field\"><label for=\"forminator-form-548578__field--select-2_69ef86680f9d9\" id=\"forminator-form-548578__field--select-2_69ef86680f9d9-label\" class=\"forminator-label\">Select a target time range for the activities<\/label><select  id=\"forminator-form-548578__field--select-2_69ef86680f9d9\" class=\"forminator-select--field forminator-select2 forminator-select2-multiple\" data-required=\"\" name=\"select-2\" data-default-value=\"\" data-hidden-behavior=\"zero\" data-placeholder=\"Project timeline\" data-search=\"false\" data-search-placeholder=\"Project timeline\" data-checkbox=\"false\" data-allow-clear=\"false\" aria-labelledby=\"forminator-form-548578__field--select-2_69ef86680f9d9-label\"><option value=\"\"  >Project timeline<\/option><option value=\"one\"  data-calculation=\"0\">ASAP<\/option><option value=\"two\"  data-calculation=\"0\">1-3 months<\/option><option value=\"Within-6-months\"  data-calculation=\"0\">3-6 months<\/option><option value=\"Future-consideration\"  data-calculation=\"0\">Future consideration<\/option><\/select><\/div><\/div><\/div><div class=\"forminator-row\" style=\"margin: 0;\"><div id=\"captcha-1\" class=\"forminator-field-captcha  forminator-col-12 \"><div class=\"forminator-captcha-left forminator-hcaptcha\" data-theme=\"light\"  data-sitekey=\"5dd6d77c-e57e-4aca-b120-e02c7bbc3ed8\" data-size=\"invisible\"><\/div> <div class=\"forminator-checkbox__label\"><p>This site is protected by <a href=\"https:\/\/hcaptcha.com\/privacy\">hCaptcha<\/a>.<\/p><\/div><\/div><\/div><input type=\"hidden\" name=\"referer_url\" value=\"\" \/><div class=\"forminator-row forminator-row-last\"><div class=\"forminator-col\"><div class=\"forminator-field\"><button class=\"forminator-button forminator-button-submit\"><span>Submit<\/span><span aria-hidden=\"true\"><\/span><\/button><\/div><\/div><\/div><input type=\"hidden\" id=\"forminator_nonce\" name=\"forminator_nonce\" value=\"a423d7e7d3\" \/><input type=\"hidden\" name=\"_wp_http_referer\" value=\"\/pt-br\/wp-json\/wp\/v2\/pages\/554565\" \/><input type=\"hidden\" name=\"form_id\" value=\"548578\"><input type=\"hidden\" name=\"page_id\" value=\"554565\"><input type=\"hidden\" name=\"form_type\" value=\"default\"><input type=\"hidden\" name=\"current_url\" value=\"https:\/\/prem-staging.liveutifree.com\/pt-br\/trabalhe-conosco-luf\/\"><input type=\"hidden\" name=\"render_id\" value=\"0\"><input type=\"hidden\" name=\"action\" value=\"forminator_submit_form_custom-forms\"><label for=\"input_8\" class=\"forminator-hidden\" aria-hidden=\"true\">Please do not fill in this field. <input id=\"input_8\" type=\"text\" name=\"input_8\" value=\"\" autocomplete=\"off\"><\/label><\/form><\/div><\/div><\/div><\/div><\/div><div class=\"x-section e554565-e89 mbvwl-0 mbvwl-1\"><div class=\"x-row e554565-e90 mbvwl-3 mbvwl-4 mbvwl-5 mbvwl-7 mbvwl-8 mbvwl-d mbvwl-o\"><div class=\"x-row-inner\"><div class=\"x-col e554565-e91 mbvwl-p mbvwl-q mbvwl-r mbvwl-s mbvwl-t mbvwl-z\"><div class=\"x-text x-content e554565-e92 mbvwl-14 body-medium\"><span>De acordo com nossa <\/span><span style=\"color: #000000;\">pol\u00edtica de transpar\u00eancia de financiamento<\/span><span>Se voc\u00ea tiver alguma d\u00favida ou quiser discutir uma oportunidade, entre em contato com a nossa equipe. Se voc\u00ea tiver alguma d\u00favida ou quiser discutir melhor uma oportunidade, entre em contato com a nossa equipe. <\/span><\/div><hr class=\"x-line e554565-e93-v0 mbvwl-16 mbvwl-17\"\/><div class=\"x-text x-text-headline e554565-e94 mbvwl-10 mbvwl-11 mbvwl-12 heading-03\"><div class=\"x-text-content\"><div class=\"x-text-content-text\"><h3 class=\"x-text-content-text-primary\">Nossa equipe de parcerias<\/h3>\n<\/div><\/div><\/div><hr class=\"x-line e554565-e95-v0 mbvwl-17 mbvwl-1b\"\/><div class=\"x-text x-content e554565-e96 mbvwl-14 body-medium\"><span>Nossa equipe \u00e9 formada por um grupo incr\u00edvel de especialistas <\/span><a href=\"https:\/\/prem-staging.liveutifree.com\/pt-br\/sobre-a-luf\/\"><span style=\"text-decoration: underline;\">especialistas, consultores e especialistas<\/span><\/a><span>  que se envolvem com organiza\u00e7\u00f5es alinhadas \u00e0 miss\u00e3o. Juntos, criamos fortes conex\u00f5es com pesquisadores, m\u00e9dicos e pacientes. Estamos sempre felizes em explorar seu interesse em trabalhar conosco e esperamos ouvir voc\u00ea!  <\/span><\/div><hr class=\"x-line e554565-e97-v0 mbvwl-17 mbvwl-1b\"\/><span class=\"x-image e554565-e98 mbvwl-1m mbvwl-1n mbvwl-1o\"><img decoding=\"async\" src=\"https:\/\/prem-staging.liveutifree.com\/wp-content\/uploads\/2022\/09\/Logo-bar-e1663252650697.png\" width=\"880\" height=\"199\" alt=\"Uma cole\u00e7\u00e3o de logotipos de organiza\u00e7\u00f5es como a LUF, universidades, institui\u00e7\u00f5es m\u00e9dicas e empresas de log\u00edstica exibidos em duas linhas em um fundo transparente. Esses logotipos representam nossos parceiros e clientes.\" loading=\"lazy\"><\/span><hr class=\"x-line e554565-e99-v0 mbvwl-16 mbvwl-17\"\/><div class=\"x-div e554565-e100 mbvwl-1d mbvwl-1g mbvwl-1h mbvwl-1i mbvwl-1k mbvwl-1l\"><div class=\"x-div e554565-e101 mbvwl-1g mbvwl-1h\"><span class=\"x-image e554565-e102 mbvwl-1m mbvwl-1o mbvwl-1p\"><img decoding=\"async\" src=\"https:\/\/prem-staging.liveutifree.com\/wp-content\/uploads\/2024\/10\/54e1dc01-4e68-4b49-99f6-6355e70de7b5-scaled.jpg\" width=\"1024\" height=\"1024\" alt=\"Foto da Melissa\" loading=\"lazy\"><\/span><hr class=\"x-line e554565-e103-v0 mbvwl-17 mbvwl-1c\"\/><\/div><div class=\"x-text x-content e554565-e104 mbvwl-14 body-medium\"><p><span>Melissa Kramer<\/span><br><span>Fundadora, CEO<\/span><br><a href=\"https:\/\/prem-staging.liveutifree.com\/pt-br\/contato-luf\/\"><span style=\"text-decoration: underline;\">Entre em contato com Melissa \u2192<\/span><\/a><\/p><\/div><\/div><\/div><\/div><\/div><\/div><\/div>","protected":false},"excerpt":{"rendered":"<p>Envolva nossa equipe A Live UTI Free trabalha com organiza\u00e7\u00f5es do setor de sa\u00fade da mulher para melhorar a experi\u00eancia e a vida das pacientes em todos os aspectos da sa\u00fade e do bem-estar. Se voc\u00ea est\u00e1 procurando engajar nossa comunidade, aprender com voc\u00ea voc\u00ea \u00e9 um clienteou financiar pesquisas que mudar\u00e3o a vida das pessoas, voc\u00ea veio ao lugar &#8230; <\/p>\n<div><a href=\"https:\/\/prem-staging.liveutifree.com\/pt-br\/trabalhe-conosco-luf\/\" class=\"more-link\">Read More<\/a><\/div>\n","protected":false},"author":1030,"featured_media":0,"parent":0,"menu_order":193,"comment_status":"closed","ping_status":"closed","template":"template-blank-4.php","meta":{"_acf_changed":false,"inline_featured_image":false,"footnotes":""},"class_list":["post-554565","page","type-page","status-publish","hentry","no-post-thumbnail"],"acf":[],"featured_image_src":null,"_links":{"self":[{"href":"https:\/\/prem-staging.liveutifree.com\/pt-br\/wp-json\/wp\/v2\/pages\/554565","targetHints":{"allow":["GET"]}}],"collection":[{"href":"https:\/\/prem-staging.liveutifree.com\/pt-br\/wp-json\/wp\/v2\/pages"}],"about":[{"href":"https:\/\/prem-staging.liveutifree.com\/pt-br\/wp-json\/wp\/v2\/types\/page"}],"author":[{"embeddable":true,"href":"https:\/\/prem-staging.liveutifree.com\/pt-br\/wp-json\/wp\/v2\/users\/1030"}],"replies":[{"embeddable":true,"href":"https:\/\/prem-staging.liveutifree.com\/pt-br\/wp-json\/wp\/v2\/comments?post=554565"}],"version-history":[{"count":2,"href":"https:\/\/prem-staging.liveutifree.com\/pt-br\/wp-json\/wp\/v2\/pages\/554565\/revisions"}],"predecessor-version":[{"id":577909,"href":"https:\/\/prem-staging.liveutifree.com\/pt-br\/wp-json\/wp\/v2\/pages\/554565\/revisions\/577909"}],"wp:attachment":[{"href":"https:\/\/prem-staging.liveutifree.com\/pt-br\/wp-json\/wp\/v2\/media?parent=554565"}],"curies":[{"name":"wp","href":"https:\/\/api.w.org\/{rel}","templated":true}]}}