{"id":577768,"date":"2025-10-23T14:16:56","date_gmt":"2025-10-23T14:16:56","guid":{"rendered":"https:\/\/prem-staging.liveutifree.com\/liens\/"},"modified":"2025-10-23T14:17:13","modified_gmt":"2025-10-23T14:17:13","slug":"liens","status":"publish","type":"page","link":"https:\/\/prem-staging.liveutifree.com\/fr\/liens\/","title":{"rendered":"Liens"},"content":{"rendered":"<div id=\"cs-content\" class=\"cs-content\"><div class=\"x-section e577768-e1 mcdt4-0\"><div class=\"x-row x-container max width e577768-e2 mcdt4-1 mcdt4-2 mcdt4-3\"><div class=\"x-row-inner\"><div class=\"x-col e577768-e3 mcdt4-7 mcdt4-8\"><span class=\"x-image e577768-e4 mcdt4-a\"><img decoding=\"async\" src=\"https:\/\/prem-staging.liveutifree.com\/wp-content\/uploads\/2025\/04\/UTI-free-logo-pt.svg\" width=\"70\" height=\"83\" alt=\"Logo comportant les mots LIVE IVU FREE au-dessus d&#039;un triangle tridimensionnel orient\u00e9 vers le bas et nuanc\u00e9 de rouge et de bleu fonc\u00e9.\" loading=\"lazy\"><\/span><\/div><\/div><\/div><hr class=\"x-line e577768-e5-v0 mcdt4-b mcdt4-c\"\/><div class=\"x-row x-container max width e577768-e6 mcdt4-1 mcdt4-2 mcdt4-4\"><div class=\"x-row-inner\"><div class=\"x-col e577768-e7 mcdt4-7 mcdt4-9\"><div class=\"x-div e577768-e8 mcdt4-e\"><div class=\"x-text x-text-headline e577768-e9 mcdt4-f heading-02\"><div class=\"x-text-content\"><div class=\"x-text-content-text\"><h1 class=\"x-text-content-text-primary\">Liens utiles<\/h1>\n<\/div><\/div><\/div><hr class=\"x-line e577768-e10-v0 mcdt4-b mcdt4-c\"\/><a class=\"x-anchor x-anchor-button e577768-e11 mcdt4-g mcdt4-h button-red-primary\" tabindex=\"0\" href=\"https:\/\/liveutifree.us16.list-manage.com\/subscribe?u=8a5949c3356bba5c9e8fd7798&amp;id=b31e859056\" target=\"_blank\" rel=\"noopener noreferrer\"><div class=\"x-anchor-content\"><div class=\"x-anchor-text\"><span class=\"x-anchor-text-primary\">S'inscrire \u00e0 notre recherche<\/span><\/div><\/div><\/a><hr class=\"x-line e577768-e12-v0 mcdt4-b mcdt4-c\"\/><a class=\"x-anchor x-anchor-button e577768-e13 mcdt4-g mcdt4-h button-red-primary\" tabindex=\"0\" href=\"https:\/\/podcast.prem-staging.liveutifree.com\/\" target=\"_blank\" rel=\"noopener noreferrer\"><div class=\"x-anchor-content\"><div class=\"x-anchor-text\"><span class=\"x-anchor-text-primary\">\u00c9coutez notre podcast<\/span><\/div><\/div><\/a><hr class=\"x-line e577768-e14-v0 mcdt4-b mcdt4-c\"\/><a class=\"x-anchor x-anchor-button e577768-e15 mcdt4-g mcdt4-h button-blue-primary\" tabindex=\"0\" href=\"https:\/\/youtu.be\/LE-ZWysxASs\" target=\"_blank\" rel=\"noopener noreferrer\"><div class=\"x-anchor-content\"><div class=\"x-anchor-text\"><span class=\"x-anchor-text-primary\">Harding | Vid\u00e9o du proc\u00e8s VESPER<\/span><\/div><\/div><\/a><hr class=\"x-line e577768-e16-v0 mcdt4-b mcdt4-c\"\/><a class=\"x-anchor x-anchor-button e577768-e17 mcdt4-g mcdt4-h button-blue-primary\" tabindex=\"0\" href=\"https:\/\/liveutifree.com\/vesper-trial\/\"><div class=\"x-anchor-content\"><div class=\"x-anchor-text\"><span class=\"x-anchor-text-primary\">Essai VESPER UK | Instillations v\u00e9sicales<\/span><\/div><\/div><\/a><hr class=\"x-line e577768-e18-v0 mcdt4-b mcdt4-c\"\/><a class=\"x-anchor x-anchor-button e577768-e19 mcdt4-g mcdt4-h button-blue-primary\" tabindex=\"0\" href=\"https:\/\/uti-research.my-survey.host\/index.php\/271567?newtest=Y&amp;lang=en\" target=\"_blank\" rel=\"noopener noreferrer\"><div class=\"x-anchor-content\"><div class=\"x-anchor-text\"><span class=\"x-anchor-text-primary\">\u00c9tude d'\u00e9ligibilit\u00e9 de la recherche<\/span><\/div><\/div><\/a><hr class=\"x-line e577768-e20-v0 mcdt4-b mcdt4-c\"\/><a class=\"x-anchor x-anchor-button e577768-e21 mcdt4-g mcdt4-h button-blue-primary\" tabindex=\"0\" href=\"https:\/\/liveutifree.com\/antibiotic-resistance-recovery\/\"><div class=\"x-anchor-content\"><div class=\"x-anchor-text\"><span class=\"x-anchor-text-primary\">L'histoire de l'IVU r\u00e9sistante aux antibiotiques de Jean<\/span><\/div><\/div><\/a><hr class=\"x-line e577768-e22-v0 mcdt4-b mcdt4-c\"\/><a class=\"x-anchor x-anchor-button e577768-e23 mcdt4-g mcdt4-h button-blue-primary\" tabindex=\"0\" href=\"https:\/\/www.ajog.org\/article\/S0002-9378(15)00745-0\/fulltext?utm_source=chatgpt.com\" target=\"_blank\" rel=\"noopener noreferrer\"><div class=\"x-anchor-content\"><div class=\"x-anchor-text\"><span class=\"x-anchor-text-primary\">Microbiome urinaire dans l'incontinence urinaire d'urgence<\/span><\/div><\/div><\/a><hr class=\"x-line e577768-e24-v0 mcdt4-b mcdt4-c\"\/><a class=\"x-anchor x-anchor-button e577768-e25 mcdt4-g mcdt4-h button-blue-primary\" tabindex=\"0\" href=\"https:\/\/uor-redcap.reading.ac.uk\/surveys\/?s=34YHAXMTMH9MMDP4\" target=\"_blank\" rel=\"noopener noreferrer\"><div class=\"x-anchor-content\"><div class=\"x-anchor-text\"><span class=\"x-anchor-text-primary\">Participez \u00e0 l'\u00e9tude sur le bien-\u00eatre sexuel<\/span><\/div><\/div><\/a><hr class=\"x-line e577768-e26-v0 mcdt4-b mcdt4-c\"\/><a class=\"x-anchor x-anchor-button e577768-e27 mcdt4-g mcdt4-h button-red-primary\" tabindex=\"0\" href=\"https:\/\/prem-staging.liveutifree.com\/fr\/contact-luf\/\"><div class=\"x-anchor-content\"><div class=\"x-anchor-text\"><span class=\"x-anchor-text-primary\">Trouver un clinicien<\/span><\/div><\/div><\/a><hr class=\"x-line e577768-e28-v0 mcdt4-b mcdt4-c\"\/><a class=\"x-anchor x-anchor-button e577768-e29 mcdt4-g mcdt4-h button-red-primary\" tabindex=\"0\" href=\"https:\/\/uti-research.my-survey.host\/index.php\/323165?newtest=Y&amp;lang=en\" target=\"_blank\" rel=\"noopener noreferrer\"><div class=\"x-anchor-content\"><div class=\"x-anchor-text\"><span class=\"x-anchor-text-primary\">Donnez votre avis sur le clinicien<\/span><\/div><\/div><\/a><hr class=\"x-line e577768-e30-v0 mcdt4-b mcdt4-c\"\/><\/div><\/div><\/div><\/div><hr class=\"x-line e577768-e31-v0 mcdt4-c mcdt4-d\"\/><div class=\"x-row x-container max width e577768-e32 mcdt4-1 mcdt4-2 mcdt4-5\"><div class=\"x-row-inner\"><div class=\"x-col e577768-e33 mcdt4-7 mcdt4-9\"><div class=\"x-div e577768-e34 mcdt4-e\"><div class=\"x-text x-text-headline e577768-e35 mcdt4-f heading-02\"><div class=\"x-text-content\"><div class=\"x-text-content-text\"><h2 class=\"x-text-content-text-primary\">Ressources gratuites<\/h2>\n<\/div><\/div><\/div><hr class=\"x-line e577768-e36-v0 mcdt4-b mcdt4-c\"\/><a class=\"x-anchor x-anchor-button e577768-e37 mcdt4-g mcdt4-h button-blue-primary\" tabindex=\"0\" href=\"https:\/\/prem-staging.liveutifree.com\/fr\/consultez-votre-medecin-luf\/?utm_campaign=ttyd&amp;utm_source=ig&amp;utm_medium=post\"><div class=\"x-anchor-content\"><div class=\"x-anchor-text\"><span class=\"x-anchor-text-primary\">Consultez votre m\u00e9decin<\/span><\/div><\/div><\/a><hr class=\"x-line e577768-e38-v0 mcdt4-b mcdt4-c\"\/><a class=\"x-anchor x-anchor-button e577768-e39 mcdt4-g mcdt4-h button-blue-primary\" tabindex=\"0\" href=\"https:\/\/prem-staging.liveutifree.com\/fr\/consultez-votre-medecin-luf\/?utm_campaign=ttyd&amp;utm_source=ig&amp;utm_medium=post\"><div class=\"x-anchor-content\"><div class=\"x-anchor-text\"><span class=\"x-anchor-text-primary\">Feuille de calcul pour les rendez-vous<\/span><\/div><\/div><\/a><hr class=\"x-line e577768-e40-v0 mcdt4-b mcdt4-c\"\/><a class=\"x-anchor x-anchor-button e577768-e41 mcdt4-g mcdt4-h button-blue-primary\" tabindex=\"0\" href=\"https:\/\/liveutifree.us16.list-manage.com\/subscribe?u=8a5949c3356bba5c9e8fd7798&amp;id=7c2f7c5527\"><div class=\"x-anchor-content\"><div class=\"x-anchor-text\"><span class=\"x-anchor-text-primary\">Obtenir l'Ebook sur les suppl\u00e9ments<\/span><\/div><\/div><\/a><hr class=\"x-line e577768-e42-v0 mcdt4-b mcdt4-c\"\/><a class=\"x-anchor x-anchor-button e577768-e43 mcdt4-g mcdt4-h button-blue-primary\" tabindex=\"0\" href=\"https:\/\/femologist.com\/?utm_source=luf&amp;utm_medium=ig\" target=\"_blank\" rel=\"noopener noreferrer\"><div class=\"x-anchor-content\"><div class=\"x-anchor-text\"><span class=\"x-anchor-text-primary\">Trouvez des compl\u00e9ments alimentaires v\u00e9rifi\u00e9s<\/span><\/div><\/div><\/a><\/div><\/div><\/div><\/div><hr class=\"x-line e577768-e44-v0 mcdt4-c mcdt4-d\"\/><div class=\"x-row x-container max width e577768-e45 mcdt4-1 mcdt4-2 mcdt4-6\"><div class=\"x-row-inner\"><div class=\"x-col e577768-e46 mcdt4-7 mcdt4-9\"><div class=\"x-text x-text-headline e577768-e47 mcdt4-f heading-02\"><div class=\"x-text-content\"><div class=\"x-text-content-text\"><h2 class=\"x-text-content-text-primary\">Socials<\/h2>\n<\/div><\/div><\/div><hr class=\"x-line e577768-e48-v0 mcdt4-b mcdt4-c\"\/><a class=\"x-anchor x-anchor-button has-graphic e577768-e49 mcdt4-g mcdt4-i button-red-icon-primary\" tabindex=\"0\" href=\"https:\/\/www.facebook.com\/liveUTIfree\/\" target=\"_blank\" rel=\"noopener noreferrer\"><div class=\"x-anchor-content\"><span class=\"x-graphic\" aria-hidden=\"true\"><span class=\"x-image x-graphic-child x-graphic-image x-graphic-primary\"><img decoding=\"async\" src=\"https:\/\/prem-staging.liveutifree.com\/wp-content\/uploads\/2025\/03\/\ud83e\udd86-icon-_heart_-2.svg\" width=\"28\" height=\"27\" alt=\"Blank white background with no visible objects or text.\" loading=\"lazy\"><\/span><\/span><div class=\"x-anchor-text\"><span class=\"x-anchor-text-primary\">Facebook<\/span><\/div><\/div><\/a><hr class=\"x-line e577768-e50-v0 mcdt4-b mcdt4-c\"\/><a class=\"x-anchor x-anchor-button has-graphic e577768-e51 mcdt4-g mcdt4-i button-red-icon-primary\" tabindex=\"0\" href=\"https:\/\/twitter.com\/liveUTIfree\/\" target=\"_blank\" rel=\"noopener noreferrer\"><div class=\"x-anchor-content\"><span class=\"x-graphic\" aria-hidden=\"true\"><span class=\"x-image x-graphic-child x-graphic-image x-graphic-primary\"><img decoding=\"async\" src=\"https:\/\/prem-staging.liveutifree.com\/wp-content\/uploads\/2025\/03\/\ud83e\udd86-icon-_heart_-2-1.svg\" width=\"28\" height=\"27\" alt=\"The image is blank with a solid white background and no visible objects or text.\" loading=\"lazy\"><\/span><\/span><div class=\"x-anchor-text\"><span class=\"x-anchor-text-primary\">X anciennement Twitter<\/span><\/div><\/div><\/a><hr class=\"x-line e577768-e52-v0 mcdt4-b mcdt4-c\"\/><a class=\"x-anchor x-anchor-button has-graphic e577768-e53 mcdt4-g mcdt4-i button-red-icon-primary\" tabindex=\"0\" href=\"mailto:team@liveutifree.com\" target=\"_blank\" rel=\"noopener noreferrer\"><div class=\"x-anchor-content\"><span class=\"x-graphic\" aria-hidden=\"true\"><span class=\"x-image x-graphic-child x-graphic-image x-graphic-primary\"><img decoding=\"async\" src=\"https:\/\/prem-staging.liveutifree.com\/wp-content\/uploads\/2025\/03\/\ud83e\udd86-icon-_heart_-1-1.svg\" width=\"28\" height=\"27\" alt=\"Blank white background with no visible objects or features.\" loading=\"lazy\"><\/span><\/span><div class=\"x-anchor-text\"><span class=\"x-anchor-text-primary\">Courriel<\/span><\/div><\/div><\/a><\/div><\/div><\/div><\/div><\/div>","protected":false},"excerpt":{"rendered":"<p>Liens utiles S&rsquo;inscrire \u00e0 notre recherche\u00c9coutez notre podcastHarding | Vid\u00e9o du proc\u00e8s VESPEREssai VESPER UK | Instillations v\u00e9sicales\u00c9tude d&rsquo;\u00e9ligibilit\u00e9 de la rechercheL&rsquo;histoire de l&rsquo;IVU r\u00e9sistante aux antibiotiques de JeanMicrobiome urinaire dans l&rsquo;incontinence urinaire d&rsquo;urgenceParticipez \u00e0 l&rsquo;\u00e9tude sur le bien-\u00eatre sexuelTrouver un clinicienDonnez votre avis sur le clinicienRessources gratuites Consultez votre m\u00e9decinFeuille de calcul pour les rendez-vousObtenir l&rsquo;Ebook sur les suppl\u00e9mentsTrouvez &#8230; <\/p>\n<div><a href=\"https:\/\/prem-staging.liveutifree.com\/fr\/liens\/\" class=\"more-link\">Read More<\/a><\/div>\n","protected":false},"author":1091,"featured_media":0,"parent":0,"menu_order":131,"comment_status":"closed","ping_status":"closed","template":"template-blank-4.php","meta":{"_acf_changed":false,"inline_featured_image":false,"footnotes":""},"class_list":["post-577768","page","type-page","status-publish","hentry","no-post-thumbnail"],"acf":[],"featured_image_src":null,"_links":{"self":[{"href":"https:\/\/prem-staging.liveutifree.com\/fr\/wp-json\/wp\/v2\/pages\/577768","targetHints":{"allow":["GET"]}}],"collection":[{"href":"https:\/\/prem-staging.liveutifree.com\/fr\/wp-json\/wp\/v2\/pages"}],"about":[{"href":"https:\/\/prem-staging.liveutifree.com\/fr\/wp-json\/wp\/v2\/types\/page"}],"author":[{"embeddable":true,"href":"https:\/\/prem-staging.liveutifree.com\/fr\/wp-json\/wp\/v2\/users\/1091"}],"replies":[{"embeddable":true,"href":"https:\/\/prem-staging.liveutifree.com\/fr\/wp-json\/wp\/v2\/comments?post=577768"}],"version-history":[{"count":1,"href":"https:\/\/prem-staging.liveutifree.com\/fr\/wp-json\/wp\/v2\/pages\/577768\/revisions"}],"predecessor-version":[{"id":577789,"href":"https:\/\/prem-staging.liveutifree.com\/fr\/wp-json\/wp\/v2\/pages\/577768\/revisions\/577789"}],"wp:attachment":[{"href":"https:\/\/prem-staging.liveutifree.com\/fr\/wp-json\/wp\/v2\/media?parent=577768"}],"curies":[{"name":"wp","href":"https:\/\/api.w.org\/{rel}","templated":true}]}}