{"id":576080,"date":"2025-10-23T13:55:22","date_gmt":"2025-10-23T13:55:22","guid":{"rendered":"https:\/\/prem-staging.liveutifree.com\/enlaces\/"},"modified":"2025-10-23T13:55:45","modified_gmt":"2025-10-23T13:55:45","slug":"enlaces","status":"publish","type":"page","link":"https:\/\/prem-staging.liveutifree.com\/es\/enlaces\/","title":{"rendered":"Enlaces"},"content":{"rendered":"<div id=\"cs-content\" class=\"cs-content\"><div class=\"x-section e576080-e1 mcci8-0\"><div class=\"x-row x-container max width e576080-e2 mcci8-1 mcci8-2 mcci8-3\"><div class=\"x-row-inner\"><div class=\"x-col e576080-e3 mcci8-7 mcci8-8\"><span class=\"x-image e576080-e4 mcci8-a\"><img decoding=\"async\" src=\"https:\/\/prem-staging.liveutifree.com\/wp-content\/uploads\/2025\/04\/UTI-free-logo-pt.svg\" width=\"70\" height=\"83\" alt=\"Logotipo con las palabras LIVE UTI FREE sobre un tri\u00e1ngulo tridimensional que apunta hacia abajo, sombreado en rojo y azul oscuro.\" loading=\"lazy\"><\/span><\/div><\/div><\/div><hr class=\"x-line e576080-e5-v0 mcci8-b mcci8-c\"\/><div class=\"x-row x-container max width e576080-e6 mcci8-1 mcci8-2 mcci8-4\"><div class=\"x-row-inner\"><div class=\"x-col e576080-e7 mcci8-7 mcci8-9\"><div class=\"x-div e576080-e8 mcci8-e\"><div class=\"x-text x-text-headline e576080-e9 mcci8-f heading-02\"><div class=\"x-text-content\"><div class=\"x-text-content-text\"><h1 class=\"x-text-content-text-primary\">Enlaces \u00fatiles<\/h1>\n<\/div><\/div><\/div><hr class=\"x-line e576080-e10-v0 mcci8-b mcci8-c\"\/><a class=\"x-anchor x-anchor-button e576080-e11 mcci8-g mcci8-h button-red-primary\" tabindex=\"0\" href=\"https:\/\/liveutifree.us16.list-manage.com\/subscribe?u=8a5949c3356bba5c9e8fd7798&amp;id=b31e859056\" target=\"_blank\" rel=\"noopener noreferrer\"><div class=\"x-anchor-content\"><div class=\"x-anchor-text\"><span class=\"x-anchor-text-primary\">Ap\u00fantate a nuestra investigaci\u00f3n<\/span><\/div><\/div><\/a><hr class=\"x-line e576080-e12-v0 mcci8-b mcci8-c\"\/><a class=\"x-anchor x-anchor-button e576080-e13 mcci8-g mcci8-h button-red-primary\" tabindex=\"0\" href=\"https:\/\/podcast.prem-staging.liveutifree.com\/\" target=\"_blank\" rel=\"noopener noreferrer\"><div class=\"x-anchor-content\"><div class=\"x-anchor-text\"><span class=\"x-anchor-text-primary\">Escucha nuestro podcast<\/span><\/div><\/div><\/a><hr class=\"x-line e576080-e14-v0 mcci8-b mcci8-c\"\/><a class=\"x-anchor x-anchor-button e576080-e15 mcci8-g mcci8-h button-blue-primary\" tabindex=\"0\" href=\"https:\/\/youtu.be\/LE-ZWysxASs\" target=\"_blank\" rel=\"noopener noreferrer\"><div class=\"x-anchor-content\"><div class=\"x-anchor-text\"><span class=\"x-anchor-text-primary\">Prof. Harding | V\u00eddeo del ensayo VESPER<\/span><\/div><\/div><\/a><hr class=\"x-line e576080-e16-v0 mcci8-b mcci8-c\"\/><a class=\"x-anchor x-anchor-button e576080-e17 mcci8-g mcci8-h button-blue-primary\" tabindex=\"0\" href=\"https:\/\/liveutifree.com\/vesper-trial\/\"><div class=\"x-anchor-content\"><div class=\"x-anchor-text\"><span class=\"x-anchor-text-primary\">Ensayo VESPER UK | Instilaciones vesicales<\/span><\/div><\/div><\/a><hr class=\"x-line e576080-e18-v0 mcci8-b mcci8-c\"\/><a class=\"x-anchor x-anchor-button e576080-e19 mcci8-g mcci8-h button-blue-primary\" tabindex=\"0\" href=\"https:\/\/uti-research.my-survey.host\/index.php\/271567?newtest=Y&amp;lang=en\" target=\"_blank\" rel=\"noopener noreferrer\"><div class=\"x-anchor-content\"><div class=\"x-anchor-text\"><span class=\"x-anchor-text-primary\">Estudio de elegibilidad para la investigaci\u00f3n<\/span><\/div><\/div><\/a><hr class=\"x-line e576080-e20-v0 mcci8-b mcci8-c\"\/><a class=\"x-anchor x-anchor-button e576080-e21 mcci8-g mcci8-h button-blue-primary\" tabindex=\"0\" href=\"https:\/\/liveutifree.com\/antibiotic-resistance-recovery\/\"><div class=\"x-anchor-content\"><div class=\"x-anchor-text\"><span class=\"x-anchor-text-primary\">La historia de Jean sobre una ITU resistente a los antibi\u00f3ticos<\/span><\/div><\/div><\/a><hr class=\"x-line e576080-e22-v0 mcci8-b mcci8-c\"\/><a class=\"x-anchor x-anchor-button e576080-e23 mcci8-g mcci8-h button-blue-primary\" tabindex=\"0\" href=\"https:\/\/www.ajog.org\/article\/S0002-9378(15)00745-0\/fulltext?utm_source=chatgpt.com\" target=\"_blank\" rel=\"noopener noreferrer\"><div class=\"x-anchor-content\"><div class=\"x-anchor-text\"><span class=\"x-anchor-text-primary\">El microbioma urinario en la incontinencia urinaria de urgencia<\/span><\/div><\/div><\/a><hr class=\"x-line e576080-e24-v0 mcci8-b mcci8-c\"\/><a class=\"x-anchor x-anchor-button e576080-e25 mcci8-g mcci8-h button-blue-primary\" tabindex=\"0\" href=\"https:\/\/uor-redcap.reading.ac.uk\/surveys\/?s=34YHAXMTMH9MMDP4\" target=\"_blank\" rel=\"noopener noreferrer\"><div class=\"x-anchor-content\"><div class=\"x-anchor-text\"><span class=\"x-anchor-text-primary\">\u00danete al Estudio sobre Bienestar Sexual<\/span><\/div><\/div><\/a><hr class=\"x-line e576080-e26-v0 mcci8-b mcci8-c\"\/><a class=\"x-anchor x-anchor-button e576080-e27 mcci8-g mcci8-h button-red-primary\" tabindex=\"0\" href=\"https:\/\/prem-staging.liveutifree.com\/es\/contacto-luf\/\"><div class=\"x-anchor-content\"><div class=\"x-anchor-text\"><span class=\"x-anchor-text-primary\">Busca un cl\u00ednico<\/span><\/div><\/div><\/a><hr class=\"x-line e576080-e28-v0 mcci8-b mcci8-c\"\/><a class=\"x-anchor x-anchor-button e576080-e29 mcci8-g mcci8-h button-red-primary\" tabindex=\"0\" href=\"https:\/\/uti-research.my-survey.host\/index.php\/323165?newtest=Y&amp;lang=en\" target=\"_blank\" rel=\"noopener noreferrer\"><div class=\"x-anchor-content\"><div class=\"x-anchor-text\"><span class=\"x-anchor-text-primary\">Compartir opiniones sobre el cl\u00ednico<\/span><\/div><\/div><\/a><hr class=\"x-line e576080-e30-v0 mcci8-b mcci8-c\"\/><\/div><\/div><\/div><\/div><hr class=\"x-line e576080-e31-v0 mcci8-c mcci8-d\"\/><div class=\"x-row x-container max width e576080-e32 mcci8-1 mcci8-2 mcci8-5\"><div class=\"x-row-inner\"><div class=\"x-col e576080-e33 mcci8-7 mcci8-9\"><div class=\"x-div e576080-e34 mcci8-e\"><div class=\"x-text x-text-headline e576080-e35 mcci8-f heading-02\"><div class=\"x-text-content\"><div class=\"x-text-content-text\"><h2 class=\"x-text-content-text-primary\">Recursos gratuitos<\/h2>\n<\/div><\/div><\/div><hr class=\"x-line e576080-e36-v0 mcci8-b mcci8-c\"\/><a class=\"x-anchor x-anchor-button e576080-e37 mcci8-g mcci8-h button-blue-primary\" tabindex=\"0\" href=\"https:\/\/prem-staging.liveutifree.com\/es\/llevalo-a-tu-medico-luf\/?utm_campaign=ttyd&amp;utm_source=ig&amp;utm_medium=post\"><div class=\"x-anchor-content\"><div class=\"x-anchor-text\"><span class=\"x-anchor-text-primary\">Ll\u00e9valo a tu m\u00e9dico<\/span><\/div><\/div><\/a><hr class=\"x-line e576080-e38-v0 mcci8-b mcci8-c\"\/><a class=\"x-anchor x-anchor-button e576080-e39 mcci8-g mcci8-h button-blue-primary\" tabindex=\"0\" href=\"https:\/\/prem-staging.liveutifree.com\/es\/llevalo-a-tu-medico-luf\/?utm_campaign=ttyd&amp;utm_source=ig&amp;utm_medium=post\"><div class=\"x-anchor-content\"><div class=\"x-anchor-text\"><span class=\"x-anchor-text-primary\">Hoja de citas<\/span><\/div><\/div><\/a><hr class=\"x-line e576080-e40-v0 mcci8-b mcci8-c\"\/><a class=\"x-anchor x-anchor-button e576080-e41 mcci8-g mcci8-h button-blue-primary\" tabindex=\"0\" href=\"https:\/\/liveutifree.us16.list-manage.com\/subscribe?u=8a5949c3356bba5c9e8fd7798&amp;id=7c2f7c5527\"><div class=\"x-anchor-content\"><div class=\"x-anchor-text\"><span class=\"x-anchor-text-primary\">Consigue Suplementos Ebook<\/span><\/div><\/div><\/a><hr class=\"x-line e576080-e42-v0 mcci8-b mcci8-c\"\/><a class=\"x-anchor x-anchor-button e576080-e43 mcci8-g mcci8-h button-blue-primary\" tabindex=\"0\" href=\"https:\/\/femologist.com\/?utm_source=luf&amp;utm_medium=ig\" target=\"_blank\" rel=\"noopener noreferrer\"><div class=\"x-anchor-content\"><div class=\"x-anchor-text\"><span class=\"x-anchor-text-primary\">Encuentra Suplementos Vetados<\/span><\/div><\/div><\/a><\/div><\/div><\/div><\/div><hr class=\"x-line e576080-e44-v0 mcci8-c mcci8-d\"\/><div class=\"x-row x-container max width e576080-e45 mcci8-1 mcci8-2 mcci8-6\"><div class=\"x-row-inner\"><div class=\"x-col e576080-e46 mcci8-7 mcci8-9\"><div class=\"x-text x-text-headline e576080-e47 mcci8-f heading-02\"><div class=\"x-text-content\"><div class=\"x-text-content-text\"><h2 class=\"x-text-content-text-primary\">Sociales<\/h2>\n<\/div><\/div><\/div><hr class=\"x-line e576080-e48-v0 mcci8-b mcci8-c\"\/><a class=\"x-anchor x-anchor-button has-graphic e576080-e49 mcci8-g mcci8-i button-red-icon-primary\" tabindex=\"0\" href=\"https:\/\/www.facebook.com\/liveUTIfree\/\" target=\"_blank\" rel=\"noopener noreferrer\"><div class=\"x-anchor-content\"><span class=\"x-graphic\" aria-hidden=\"true\"><span class=\"x-image x-graphic-child x-graphic-image x-graphic-primary\"><img decoding=\"async\" src=\"https:\/\/prem-staging.liveutifree.com\/wp-content\/uploads\/2025\/03\/\ud83e\udd86-icon-_heart_-2.svg\" width=\"28\" height=\"27\" alt=\"Blank white background with no visible objects or text.\" loading=\"lazy\"><\/span><\/span><div class=\"x-anchor-text\"><span class=\"x-anchor-text-primary\">Facebook<\/span><\/div><\/div><\/a><hr class=\"x-line e576080-e50-v0 mcci8-b mcci8-c\"\/><a class=\"x-anchor x-anchor-button has-graphic e576080-e51 mcci8-g mcci8-i button-red-icon-primary\" tabindex=\"0\" href=\"https:\/\/twitter.com\/liveUTIfree\/\" target=\"_blank\" rel=\"noopener noreferrer\"><div class=\"x-anchor-content\"><span class=\"x-graphic\" aria-hidden=\"true\"><span class=\"x-image x-graphic-child x-graphic-image x-graphic-primary\"><img decoding=\"async\" src=\"https:\/\/prem-staging.liveutifree.com\/wp-content\/uploads\/2025\/03\/\ud83e\udd86-icon-_heart_-2-1.svg\" width=\"28\" height=\"27\" alt=\"The image is blank with a solid white background and no visible objects or text.\" loading=\"lazy\"><\/span><\/span><div class=\"x-anchor-text\"><span class=\"x-anchor-text-primary\">X antes Twitter<\/span><\/div><\/div><\/a><hr class=\"x-line e576080-e52-v0 mcci8-b mcci8-c\"\/><a class=\"x-anchor x-anchor-button has-graphic e576080-e53 mcci8-g mcci8-i button-red-icon-primary\" tabindex=\"0\" href=\"mailto:team@liveutifree.com\" target=\"_blank\" rel=\"noopener noreferrer\"><div class=\"x-anchor-content\"><span class=\"x-graphic\" aria-hidden=\"true\"><span class=\"x-image x-graphic-child x-graphic-image x-graphic-primary\"><img decoding=\"async\" src=\"https:\/\/prem-staging.liveutifree.com\/wp-content\/uploads\/2025\/03\/\ud83e\udd86-icon-_heart_-1-1.svg\" width=\"28\" height=\"27\" alt=\"Blank white background with no visible objects or features.\" loading=\"lazy\"><\/span><\/span><div class=\"x-anchor-text\"><span class=\"x-anchor-text-primary\">Env\u00eda un correo electr\u00f3nico a<\/span><\/div><\/div><\/a><\/div><\/div><\/div><\/div><\/div>","protected":false},"excerpt":{"rendered":"<p>Enlaces \u00fatiles Ap\u00fantate a nuestra investigaci\u00f3nEscucha nuestro podcastProf. Harding | V\u00eddeo del ensayo VESPEREnsayo VESPER UK | Instilaciones vesicalesEstudio de elegibilidad para la investigaci\u00f3nLa historia de Jean sobre una ITU resistente a los antibi\u00f3ticosEl microbioma urinario en la incontinencia urinaria de urgencia\u00danete al Estudio sobre Bienestar SexualBusca un cl\u00ednicoCompartir opiniones sobre el cl\u00ednicoRecursos gratuitos Ll\u00e9valo a tu m\u00e9dicoHoja de citasConsigue &#8230; <\/p>\n<div><a href=\"https:\/\/prem-staging.liveutifree.com\/es\/enlaces\/\" class=\"more-link\">Read More<\/a><\/div>\n","protected":false},"author":1091,"featured_media":0,"parent":0,"menu_order":126,"comment_status":"closed","ping_status":"closed","template":"template-blank-4.php","meta":{"_acf_changed":false,"inline_featured_image":false,"footnotes":""},"class_list":["post-576080","page","type-page","status-publish","hentry","no-post-thumbnail"],"acf":[],"featured_image_src":null,"_links":{"self":[{"href":"https:\/\/prem-staging.liveutifree.com\/es\/wp-json\/wp\/v2\/pages\/576080","targetHints":{"allow":["GET"]}}],"collection":[{"href":"https:\/\/prem-staging.liveutifree.com\/es\/wp-json\/wp\/v2\/pages"}],"about":[{"href":"https:\/\/prem-staging.liveutifree.com\/es\/wp-json\/wp\/v2\/types\/page"}],"author":[{"embeddable":true,"href":"https:\/\/prem-staging.liveutifree.com\/es\/wp-json\/wp\/v2\/users\/1091"}],"replies":[{"embeddable":true,"href":"https:\/\/prem-staging.liveutifree.com\/es\/wp-json\/wp\/v2\/comments?post=576080"}],"version-history":[{"count":1,"href":"https:\/\/prem-staging.liveutifree.com\/es\/wp-json\/wp\/v2\/pages\/576080\/revisions"}],"predecessor-version":[{"id":576142,"href":"https:\/\/prem-staging.liveutifree.com\/es\/wp-json\/wp\/v2\/pages\/576080\/revisions\/576142"}],"wp:attachment":[{"href":"https:\/\/prem-staging.liveutifree.com\/es\/wp-json\/wp\/v2\/media?parent=576080"}],"curies":[{"name":"wp","href":"https:\/\/api.w.org\/{rel}","templated":true}]}}