{"id":554643,"date":"2025-09-07T10:56:01","date_gmt":"2025-09-07T10:56:01","guid":{"rendered":"https:\/\/prem-staging.liveutifree.com\/trabaja-con-nosotros-luf\/"},"modified":"2025-10-23T13:56:34","modified_gmt":"2025-10-23T13:56:34","slug":"trabaja-con-nosotros-luf","status":"publish","type":"page","link":"https:\/\/prem-staging.liveutifree.com\/es\/trabaja-con-nosotros-luf\/","title":{"rendered":"Trabaja con nosotros"},"content":{"rendered":"<div id=\"cs-content\" class=\"cs-content\"><div class=\"x-section e554643-e1 mbvyr-0 mbvyr-1\"><div class=\"x-row e554643-e2 mbvyr-3 mbvyr-4 mbvyr-5 mbvyr-6 mbvyr-7 mbvyr-d mbvyr-e\"><div class=\"x-row-inner\"><div class=\"x-col e554643-e3 mbvyr-p mbvyr-q\"><div class=\"x-text x-text-headline e554643-e4 mbvyr-10 mbvyr-11 heading-02\"><div class=\"x-text-content\"><div class=\"x-text-content-text\"><h1 class=\"x-text-content-text-primary\">Involucra a nuestro equipo<\/h1>\n<\/div><\/div><\/div><\/div><div class=\"x-col e554643-e5 mbvyr-p mbvyr-q mbvyr-r mbvyr-s mbvyr-t\"><div class=\"x-text x-content e554643-e6 mbvyr-13 mbvyr-14 mbvyr-15 body-medium\"><span>Live UTI Free trabaja con organizaciones del sector de la salud femenina para mejorar la experiencia y la vida de las pacientes en todos los aspectos de la salud y el bienestar. Tanto si buscas   <\/span><strong>participa en<\/strong><span> <\/span><strong>nuestra comunidad<\/strong><span>,<\/span><strong><span> <\/span>aprende de<\/strong><span> <\/span><strong>tus clientes<\/strong><span>o <\/span><strong>financiar investigaciones<\/strong><span> que cambiar\u00e1 la vida de las personas, has venido al lugar adecuado.<\/span><\/div><\/div><\/div><\/div><hr class=\"x-line e554643-e7-v0 mbvyr-16 mbvyr-17\"\/><div class=\"x-row x-container max width e554643-e8 mbvyr-3 mbvyr-5 mbvyr-7 mbvyr-8 mbvyr-d mbvyr-f\"><div class=\"x-row-inner\"><div class=\"x-col e554643-e9 mbvyr-p mbvyr-q\"><div class=\"x-text x-text-headline e554643-e10 mbvyr-10 mbvyr-11 heading-03\"><div class=\"x-text-content\"><div class=\"x-text-content-text\"><h2 class=\"x-text-content-text-primary\">\u00bfD\u00f3nde podemos Ayudarte?<\/h2>\n<\/div><\/div><\/div><\/div><div class=\"x-col e554643-e11 mbvyr-p mbvyr-q\"><div class=\"x-div e554643-e12 mbvyr-1d mbvyr-1e mbvyr-1f mbvyr-1g mbvyr-1h\"><div class=\"x-text x-content e554643-e13 mbvyr-14 mbvyr-15 link-medium-default\"><span style=\"text-decoration: underline;\"><span style=\"color: #c74f4d;\"><a href=\"#enlist\" style=\"color: #c74f4d; text-decoration: underline;\">Contrata nuestros servicios<\/a><\/span><\/span><\/div><div class=\"x-div x-hide-xs e554643-e14 mbvyr-1d mbvyr-1f mbvyr-1g mbvyr-1i mbvyr-1j\"><\/div><div class=\"x-text x-content e554643-e15 mbvyr-14 mbvyr-15 link-medium-default\"><a href=\"#sponsorship\"><span style=\"text-decoration: underline;\">Patrocinios<\/span><\/a><\/div><div class=\"x-div x-hide-xs e554643-e16 mbvyr-1d mbvyr-1f mbvyr-1g mbvyr-1i mbvyr-1j\"><\/div><div class=\"x-text x-content e554643-e17 mbvyr-14 mbvyr-15 link-medium-default\"><a href=\"#diagnostic\"><span style=\"text-decoration: underline;\">Empresas de diagn\u00f3stico<\/span><\/a><\/div><\/div><\/div><\/div><\/div><hr class=\"x-line e554643-e18-v0 mbvyr-16 mbvyr-17\"\/><div class=\"x-row e554643-e19 mbvyr-3 mbvyr-5 mbvyr-7 mbvyr-9 mbvyr-a mbvyr-d mbvyr-g\"><div class=\"x-row-inner\"><div class=\"x-col e554643-e20 mbvyr-p mbvyr-q\"><div class=\"x-div e554643-e21 mbvyr-1g mbvyr-1h\" id=\"enlist\"><div class=\"x-text x-text-headline e554643-e22 mbvyr-10 mbvyr-11 heading-03\"><div class=\"x-text-content\"><div class=\"x-text-content-text\"><h1 class=\"x-text-content-text-primary\">Contrata nuestros servicios<\/h1>\n<\/div><\/div><\/div><\/div><\/div><div class=\"x-col e554643-e23 mbvyr-p mbvyr-q\"><div class=\"x-row e554643-e24 mbvyr-3 mbvyr-5 mbvyr-8 mbvyr-b mbvyr-h mbvyr-i\"><div class=\"x-row-inner\"><a class=\"x-col e554643-e25 mbvyr-p mbvyr-r mbvyr-t mbvyr-u mbvyr-v\" href=\"#work-with-contact\"><div class=\"x-text x-text-headline e554643-e26 mbvyr-10 heading-06\"><div class=\"x-text-content\"><div class=\"x-text-content-text\"><h1 class=\"x-text-content-text-primary\">Informaci\u00f3n sobre pacientes y consumidores<\/h1>\n<\/div><\/div><\/div><hr class=\"x-line e554643-e27-v0 mbvyr-17 mbvyr-18\"\/><div class=\"x-text x-content e554643-e28 mbvyr-14 body-regular\">Comprende mejor las necesidades de tus clientes en el \u00e1mbito de la salud de la mujer.<\/div><hr class=\"x-line e554643-e29-v0 mbvyr-17 mbvyr-19\"\/><div class=\"x-text x-content e554643-e30 mbvyr-14 link-medium-red\"><span style=\"text-decoration: underline;\"><span >M\u00e1s informaci\u00f3n \u2192<\/span><\/span><\/div><\/a><a class=\"x-col e554643-e31 mbvyr-p mbvyr-r mbvyr-t mbvyr-u mbvyr-v\" href=\"#work-with-contact\"><div class=\"x-text x-text-headline e554643-e32 mbvyr-10 heading-06\"><div class=\"x-text-content\"><div class=\"x-text-content-text\"><h1 class=\"x-text-content-text-primary\">Paciente y contrataci\u00f3n<\/h1>\n<\/div><\/div><\/div><hr class=\"x-line e554643-e33-v0 mbvyr-17 mbvyr-18\"\/><div class=\"x-text x-content e554643-e34 mbvyr-14 body-regular\">Para ensayos cl\u00ednicos, investigaci\u00f3n cualitativa, encuestas y asesores de participaci\u00f3n de pacientes y p\u00fablico.<\/div><hr class=\"x-line e554643-e35-v0 mbvyr-17 mbvyr-19\"\/><div class=\"x-text x-content e554643-e36 mbvyr-14 link-medium-red\"><span style=\"text-decoration: underline;\"><span >M\u00e1s informaci\u00f3n \u2192<\/span><\/span><\/div><\/a><a class=\"x-col e554643-e37 mbvyr-p mbvyr-r mbvyr-t mbvyr-u mbvyr-v\" href=\"#work-with-contact\"><div class=\"x-text x-text-headline e554643-e38 mbvyr-10 heading-06\"><div class=\"x-text-content\"><div class=\"x-text-content-text\"><h1 class=\"x-text-content-text-primary\">Dise\u00f1o del estudio<\/h1>\n<\/div><\/div><\/div><hr class=\"x-line e554643-e39-v0 mbvyr-17 mbvyr-18\"\/><div class=\"x-text x-content e554643-e40 mbvyr-14 body-regular\">Involucra a nuestro equipo de investigaci\u00f3n para que dise\u00f1e tu protocolo de estudio o te d\u00e9 su opini\u00f3n al respecto.<\/div><hr class=\"x-line e554643-e41-v0 mbvyr-17 mbvyr-19\"\/><div class=\"x-text x-content e554643-e42 mbvyr-14 link-medium-red\"><span style=\"text-decoration: underline;\"><span >M\u00e1s informaci\u00f3n \u2192<\/span><\/span><\/div><\/a><\/div><\/div><\/div><\/div><\/div><hr class=\"x-line e554643-e43-v0 mbvyr-17 mbvyr-1a\"\/><div class=\"x-row e554643-e44 mbvyr-3 mbvyr-5 mbvyr-7 mbvyr-9 mbvyr-a mbvyr-d mbvyr-j\"><div class=\"x-row-inner\"><div class=\"x-col e554643-e45 mbvyr-p mbvyr-q\"><div class=\"x-div e554643-e46 mbvyr-1g mbvyr-1h\" id=\"sponsorship\"><div class=\"x-text x-text-headline e554643-e47 mbvyr-10 mbvyr-11 heading-03\"><div class=\"x-text-content\"><div class=\"x-text-content-text\"><h3 class=\"x-text-content-text-primary\">Oportunidades de patrocinio<\/h3>\n<\/div><\/div><\/div><\/div><\/div><div class=\"x-col e554643-e48 mbvyr-p mbvyr-q\"><div class=\"x-row e554643-e49 mbvyr-3 mbvyr-5 mbvyr-8 mbvyr-b mbvyr-h mbvyr-k\"><div class=\"x-row-inner\"><a class=\"x-col e554643-e50 mbvyr-p mbvyr-r mbvyr-t mbvyr-u mbvyr-w\" href=\"#work-with-contact\"><div class=\"x-text x-text-headline e554643-e51 mbvyr-10 heading-06\"><div class=\"x-text-content\"><div class=\"x-text-content-text\"><h6 class=\"x-text-content-text-primary\">Asociaciones de contenido<\/h6>\n<\/div><\/div><\/div><hr class=\"x-line e554643-e52-v0 mbvyr-17 mbvyr-18\"\/><div class=\"x-text x-content e554643-e53 mbvyr-14 body-regular\">Patrocina nuestros v\u00eddeos de YouTube, presenta tus productos o servicios a nuestra lista de correo o colabora en contenidos rec\u00edprocos con nuestro equipo. Ponte en contacto con nosotros para obtener un desglose detallado de nuestras numerosas oportunidades de contenido. <\/div><hr class=\"x-line e554643-e54-v0 mbvyr-17 mbvyr-19\"\/><div class=\"x-text x-content e554643-e55 mbvyr-14 link-medium-red\"><span style=\"text-decoration: underline;\"><span >Ponte en contacto \u2192<\/span><\/span><\/div><\/a><a class=\"x-col e554643-e56 mbvyr-p mbvyr-r mbvyr-t mbvyr-u mbvyr-w\" href=\"#work-with-contact\"><div class=\"x-text x-text-headline e554643-e57 mbvyr-10 heading-06\"><div class=\"x-text-content\"><div class=\"x-text-content-text\"><h1 class=\"x-text-content-text-primary\">Investigaci\u00f3n de pacientes<\/h1>\n<\/div><\/div><\/div><hr class=\"x-line e554643-e58-v0 mbvyr-17 mbvyr-18\"\/><div class=\"x-text x-content e554643-e59 mbvyr-14 body-regular\">Convi\u00e9rtete en patrocinador nombrado y promocionado de nuestras iniciativas de investigaci\u00f3n para la ITU y la salud de la mujer, que cambian vidas.<\/div><hr class=\"x-line e554643-e60-v0 mbvyr-17 mbvyr-19\"\/><div class=\"x-text x-content e554643-e61 mbvyr-14 link-medium-red\"><span style=\"text-decoration: underline;\"><span >Investigaci\u00f3n de fondos \u2192<\/span><\/span><\/div><\/a><a class=\"x-col e554643-e62 mbvyr-p mbvyr-r mbvyr-t mbvyr-u mbvyr-w\" href=\"#work-with-contact\"><div class=\"x-text x-text-headline e554643-e63 mbvyr-10 heading-06\"><div class=\"x-text-content\"><div class=\"x-text-content-text\"><h1 class=\"x-text-content-text-primary\">Financiaci\u00f3n del doctorado<\/h1>\n<\/div><\/div><\/div><hr class=\"x-line e554643-e64-v0 mbvyr-17 mbvyr-18\"\/><div class=\"x-text x-content e554643-e65 mbvyr-14 body-regular\">Patrocina investigaciones de doctorado y obt\u00e9n acceso directo a su experiencia a trav\u00e9s de Live UTO Free. Nuestro programa de doctorado ya ha dado lugar a numerosas publicaciones que est\u00e1n ayudando a impulsar la investigaci\u00f3n de la ITU. <\/div><hr class=\"x-line e554643-e66-v0 mbvyr-17 mbvyr-19\"\/><div class=\"x-text x-content e554643-e67 mbvyr-14 link-medium-red\"><span style=\"text-decoration: underline;\"><span >M\u00e1s informaci\u00f3n \u2192<\/span><\/span><\/div><\/a><\/div><\/div><\/div><\/div><\/div><hr class=\"x-line e554643-e68-v0 mbvyr-17 mbvyr-1a\"\/><div class=\"x-row e554643-e69 mbvyr-3 mbvyr-4 mbvyr-5 mbvyr-7 mbvyr-a mbvyr-d mbvyr-l\"><div class=\"x-row-inner\"><div class=\"x-col e554643-e70 mbvyr-p mbvyr-q\"><div class=\"x-div e554643-e71 mbvyr-1g mbvyr-1h\" id=\"diagnostic\"><div class=\"x-text x-text-headline e554643-e72 mbvyr-10 mbvyr-11 heading-03\"><div class=\"x-text-content\"><div class=\"x-text-content-text\"><h1 class=\"x-text-content-text-primary\">Explora las asociaciones de diagn\u00f3stico<\/h1>\n<\/div><\/div><\/div><\/div><\/div><div class=\"x-col e554643-e73 mbvyr-p mbvyr-q mbvyr-r mbvyr-s mbvyr-x\"><span class=\"x-image e554643-e74 mbvyr-1m mbvyr-1n\"><img decoding=\"async\" src=\"https:\/\/prem-staging.liveutifree.com\/wp-content\/uploads\/2024\/02\/Group-87-1.png\" width=\"1564\" height=\"664\" alt=\"Banner promocional azul que muestra los paquetes de patrocinio para LUF: Oro (Listado en el directorio), Platino (Art\u00edculo y participaci\u00f3n en la comunidad) y Zafiro (Opci\u00f3n personalizada). Los elementos visuales incluyen insignias doradas y plateadas. El texto invita a los usuarios a Trabajar con nosotros para encontrar el paquete ideal.\" loading=\"lazy\"><\/span><\/div><\/div><\/div><hr class=\"x-line e554643-e75-v0 mbvyr-16 mbvyr-17\"\/><div class=\"x-row e554643-e76 mbvyr-3 mbvyr-4 mbvyr-5 mbvyr-6 mbvyr-7 mbvyr-d mbvyr-m\"><div class=\"x-row-inner\"><div class=\"x-col e554643-e77 mbvyr-p mbvyr-q mbvyr-r mbvyr-s mbvyr-t\"><div class=\"x-text x-content e554643-e78 mbvyr-14 body-medium\"><p>Reserva una llamada de descubrimiento con nuestro equipo y d\u00e9jate guiar a trav\u00e9s de un taller interactivo que descubrir\u00e1 los objetivos de tu empresa y nos permitir\u00e1 desarrollar un paquete promocional personalizado que se adapte mejor a tu estrategia de mercado.<\/p>\n<p>Las empresas de diagn\u00f3stico que se alinean con la misi\u00f3n de Live UTI Free tienen la oportunidad de convertirse en patrocinadoras.<\/p><\/div><hr class=\"x-line e554643-e79-v0 mbvyr-17 mbvyr-1b\"\/><div class=\"x-div e554643-e80 mbvyr-1d mbvyr-1e mbvyr-1g mbvyr-1h mbvyr-1k\"><div class=\"x-text x-content e554643-e81 mbvyr-14 body-regular\"><a href=\"#work-with-contact\"><span style=\"text-decoration: underline;\">Saber m\u00e1s \u2192<\/span><\/a><\/div><\/div><\/div><\/div><\/div><\/div><div class=\"x-section e554643-e82 mbvyr-0 mbvyr-2\" id=\"work-with-contact\"><div class=\"x-row x-container max width e554643-e83 mbvyr-3 mbvyr-7 mbvyr-8 mbvyr-c mbvyr-d mbvyr-n\"><div class=\"x-row-inner\"><div class=\"x-col e554643-e84 mbvyr-p mbvyr-q mbvyr-y\"><div class=\"x-div e554643-e85 mbvyr-1g mbvyr-1h\"><div class=\"x-text x-text-headline e554643-e86 mbvyr-10 mbvyr-11 heading-02\"><div class=\"x-text-content\"><div class=\"x-text-content-text\"><h2 class=\"x-text-content-text-primary\">Ponte en contacto<\/h2>\n<\/div><\/div><\/div><hr class=\"x-line e554643-e87-v0 mbvyr-16 mbvyr-17\"\/><\/div><div class=\"x-form-integration x-form-integration-embed e554643-e88 mbvyr-1q\"><div class=\"forminator-ui forminator-custom-form forminator-custom-form-548578 forminator-design--material  forminator_ajax\" data-forminator-render=\"0\" data-form=\"forminator-module-548578\" data-uid=\"69ef99dd06401\"><br\/><\/div><form\r\n\t\t\t\tid=\"forminator-module-548578\"\r\n\t\t\t\tclass=\"forminator-ui forminator-custom-form forminator-custom-form-548578 forminator-design--material  forminator_ajax\"\r\n\t\t\t\tmethod=\"post\"\r\n\t\t\t\tdata-forminator-render=\"0\"\r\n\t\t\t\tdata-form-id=\"548578\"\r\n\t\t\t\t data-color-option=\"theme\" data-design=\"material\" data-grid=\"open\" style=\"display: none;\"\r\n\t\t\t\tdata-uid=\"69ef99dd06401\"\r\n\t\t\t><div role=\"alert\" aria-live=\"polite\" class=\"forminator-response-message forminator-error\" aria-hidden=\"true\"><\/div><div class=\"forminator-row\"><div id=\"name-1\" class=\"forminator-field-name forminator-col forminator-col-12 \"><div class=\"forminator-field\"><label for=\"forminator-field-name-1_69ef99dd06401\" id=\"forminator-field-name-1_69ef99dd06401-label\" class=\"forminator-label\">Full name <span class=\"forminator-required\">*<\/span><\/label><input type=\"text\" name=\"name-1\" value=\"\" placeholder=\"\" id=\"forminator-field-name-1_69ef99dd06401\" class=\"forminator-input forminator-name--field\" aria-required=\"true\" autocomplete=\"name\" \/><\/div><\/div><\/div><div class=\"forminator-row\"><div id=\"email-1\" class=\"forminator-field-email forminator-col forminator-col-12 \"><div class=\"forminator-field\"><label for=\"forminator-field-email-1_69ef99dd06401\" id=\"forminator-field-email-1_69ef99dd06401-label\" class=\"forminator-label\">Email address <span class=\"forminator-required\">*<\/span><\/label><input type=\"email\" name=\"email-1\" value=\"\" placeholder=\"\" id=\"forminator-field-email-1_69ef99dd06401\" class=\"forminator-input forminator-email--field\" data-required=\"1\" aria-required=\"true\" autocomplete=\"email\" \/><\/div><\/div><\/div><div class=\"forminator-row\"><div id=\"textarea-1\" class=\"forminator-field-textarea forminator-col forminator-col-12 \"><div class=\"forminator-field\"><label for=\"forminator-field-textarea-1_69ef99dd06401\" id=\"forminator-field-textarea-1_69ef99dd06401-label\" class=\"forminator-label\">Organization\/Company name <span class=\"forminator-required\">*<\/span><\/label><textarea name=\"textarea-1\" placeholder=\"\" id=\"forminator-field-textarea-1_69ef99dd06401\" class=\"forminator-textarea\" rows=\"6\" style=\"--forminator-textarea-min-height:20px;\" ><\/textarea><\/div><\/div><\/div><div class=\"forminator-row\"><div id=\"textarea-3\" class=\"forminator-field-textarea forminator-col forminator-col-12 \"><div class=\"forminator-field\"><label for=\"forminator-field-textarea-3_69ef99dd06401\" id=\"forminator-field-textarea-3_69ef99dd06401-label\" class=\"forminator-label\">Role\/Position<\/label><textarea name=\"textarea-3\" placeholder=\"\" id=\"forminator-field-textarea-3_69ef99dd06401\" class=\"forminator-textarea\" rows=\"6\" style=\"--forminator-textarea-min-height:20px;\" ><\/textarea><\/div><\/div><\/div><div class=\"forminator-row\"><div id=\"select-1\" class=\"forminator-field-select forminator-col forminator-col-12 \"><div class=\"forminator-field\"><label for=\"forminator-form-548578__field--select-1_69ef99dd06401\" id=\"forminator-form-548578__field--select-1_69ef99dd06401-label\" class=\"forminator-label\">Services you&#039;re interested in <span class=\"forminator-required\">*<\/span><\/label><select  id=\"forminator-form-548578__field--select-1_69ef99dd06401\" class=\"forminator-select--field forminator-select2 forminator-select2-multiple\" data-required=\"1\" name=\"select-1\" data-default-value=\"\" data-hidden-behavior=\"zero\" data-placeholder=\"Select your interest\" data-search=\"false\" data-search-placeholder=\"Select your interest\" data-checkbox=\"false\" data-allow-clear=\"false\" aria-labelledby=\"forminator-form-548578__field--select-1_69ef99dd06401-label\"><option value=\"\"  >Select your interest<\/option><option value=\"one\"  data-calculation=\"0\">Patient &amp; Consumer Insights<\/option><option value=\"two\"  data-calculation=\"0\">Patient Recruitment<\/option><option value=\"Study-Design\"  data-calculation=\"0\">Study Design<\/option><option value=\"Content-Partnerships\"  data-calculation=\"0\">Content Partnership<\/option><option value=\"Researcher-Sponsorship\"  data-calculation=\"0\">Research Sponsorship<\/option><option value=\"Diagnostic-Partnerships\"  data-calculation=\"0\">Diagnostic Partnership<\/option><\/select><\/div><\/div><\/div><div class=\"forminator-row\"><div id=\"textarea-2\" class=\"forminator-field-textarea forminator-col forminator-col-12 \"><div class=\"forminator-field\"><label for=\"forminator-field-textarea-2_69ef99dd06401\" id=\"forminator-field-textarea-2_69ef99dd06401-label\" class=\"forminator-label\">Tell us about your project and goals<\/label><textarea name=\"textarea-2\" placeholder=\"\" id=\"forminator-field-textarea-2_69ef99dd06401\" class=\"forminator-textarea\" rows=\"6\" style=\"--forminator-textarea-min-height:42px;\" ><\/textarea><\/div><\/div><\/div><div class=\"forminator-row\"><div id=\"select-2\" class=\"forminator-field-select forminator-col forminator-col-12 \"><div class=\"forminator-field\"><label for=\"forminator-form-548578__field--select-2_69ef99dd06401\" id=\"forminator-form-548578__field--select-2_69ef99dd06401-label\" class=\"forminator-label\">Select a target time range for the activities<\/label><select  id=\"forminator-form-548578__field--select-2_69ef99dd06401\" class=\"forminator-select--field forminator-select2 forminator-select2-multiple\" data-required=\"\" name=\"select-2\" data-default-value=\"\" data-hidden-behavior=\"zero\" data-placeholder=\"Project timeline\" data-search=\"false\" data-search-placeholder=\"Project timeline\" data-checkbox=\"false\" data-allow-clear=\"false\" aria-labelledby=\"forminator-form-548578__field--select-2_69ef99dd06401-label\"><option value=\"\"  >Project timeline<\/option><option value=\"one\"  data-calculation=\"0\">ASAP<\/option><option value=\"two\"  data-calculation=\"0\">1-3 months<\/option><option value=\"Within-6-months\"  data-calculation=\"0\">3-6 months<\/option><option value=\"Future-consideration\"  data-calculation=\"0\">Future consideration<\/option><\/select><\/div><\/div><\/div><div class=\"forminator-row\" style=\"margin: 0;\"><div id=\"captcha-1\" class=\"forminator-field-captcha  forminator-col-12 \"><div class=\"forminator-captcha-left forminator-hcaptcha\" data-theme=\"light\"  data-sitekey=\"5dd6d77c-e57e-4aca-b120-e02c7bbc3ed8\" data-size=\"invisible\"><\/div> <div class=\"forminator-checkbox__label\"><p>This site is protected by <a href=\"https:\/\/hcaptcha.com\/privacy\">hCaptcha<\/a>.<\/p><\/div><\/div><\/div><input type=\"hidden\" name=\"referer_url\" value=\"\" \/><div class=\"forminator-row forminator-row-last\"><div class=\"forminator-col\"><div class=\"forminator-field\"><button class=\"forminator-button forminator-button-submit\"><span>Submit<\/span><span aria-hidden=\"true\"><\/span><\/button><\/div><\/div><\/div><input type=\"hidden\" id=\"forminator_nonce\" name=\"forminator_nonce\" value=\"a423d7e7d3\" \/><input type=\"hidden\" name=\"_wp_http_referer\" value=\"\/es\/wp-json\/wp\/v2\/pages\/554643\" \/><input type=\"hidden\" name=\"form_id\" value=\"548578\"><input type=\"hidden\" name=\"page_id\" value=\"554643\"><input type=\"hidden\" name=\"form_type\" value=\"default\"><input type=\"hidden\" name=\"current_url\" value=\"https:\/\/prem-staging.liveutifree.com\/es\/trabaja-con-nosotros-luf\/\"><input type=\"hidden\" name=\"render_id\" value=\"0\"><input type=\"hidden\" name=\"action\" value=\"forminator_submit_form_custom-forms\"><label for=\"input_8\" class=\"forminator-hidden\" aria-hidden=\"true\">Please do not fill in this field. <input id=\"input_8\" type=\"text\" name=\"input_8\" value=\"\" autocomplete=\"off\"><\/label><\/form><\/div><\/div><\/div><\/div><\/div><div class=\"x-section e554643-e89 mbvyr-0 mbvyr-1\"><div class=\"x-row e554643-e90 mbvyr-3 mbvyr-4 mbvyr-5 mbvyr-7 mbvyr-8 mbvyr-d mbvyr-o\"><div class=\"x-row-inner\"><div class=\"x-col e554643-e91 mbvyr-p mbvyr-q mbvyr-r mbvyr-s mbvyr-t mbvyr-z\"><div class=\"x-text x-content e554643-e92 mbvyr-14 body-medium\"><span>Seg\u00fan nuestra <\/span><span style=\"color: #000000;\">pol\u00edtica de transparencia en la financiaci\u00f3n<\/span><span>Todas las asociaciones potenciales se eval\u00faan en funci\u00f3n de los beneficios para nuestra comunidad y la alineaci\u00f3n con nuestra misi\u00f3n. Si tienes alguna pregunta o quieres hablar m\u00e1s a fondo de una oportunidad, ponte en contacto con nuestro equipo. <\/span><\/div><hr class=\"x-line e554643-e93-v0 mbvyr-16 mbvyr-17\"\/><div class=\"x-text x-text-headline e554643-e94 mbvyr-10 mbvyr-11 mbvyr-12 heading-03\"><div class=\"x-text-content\"><div class=\"x-text-content-text\"><h3 class=\"x-text-content-text-primary\">Nuestro equipo de Asociaciones<\/h3>\n<\/div><\/div><\/div><hr class=\"x-line e554643-e95-v0 mbvyr-17 mbvyr-1b\"\/><div class=\"x-text x-content e554643-e96 mbvyr-14 body-medium\"><span>Nuestro equipo est\u00e1 formado por un incre\u00edble grupo de <\/span><a href=\"https:\/\/prem-staging.liveutifree.com\/es\/acerca-de-luf\/\"><span style=\"text-decoration: underline;\">asesores y especialistas<\/span><\/a><span>  que se comprometen con organizaciones alineadas con su misi\u00f3n. Juntos, hemos establecido s\u00f3lidas conexiones con investigadores, m\u00e9dicos y pacientes. Siempre nos complace explorar tu inter\u00e9s en trabajar con nosotros, \u00a1y esperamos tener noticias tuyas!  <\/span><\/div><hr class=\"x-line e554643-e97-v0 mbvyr-17 mbvyr-1b\"\/><span class=\"x-image e554643-e98 mbvyr-1m mbvyr-1n mbvyr-1o\"><img decoding=\"async\" src=\"https:\/\/prem-staging.liveutifree.com\/wp-content\/uploads\/2022\/09\/Logo-bar-e1663252650697.png\" width=\"880\" height=\"199\" alt=\"Una colecci\u00f3n de logotipos de organizaciones como LUF, universidades, instituciones m\u00e9dicas y empresas de log\u00edstica mostrados en dos filas sobre un fondo transparente. Estos logotipos representan a nuestros socios y clientes.\" loading=\"lazy\"><\/span><hr class=\"x-line e554643-e99-v0 mbvyr-16 mbvyr-17\"\/><div class=\"x-div e554643-e100 mbvyr-1d mbvyr-1g mbvyr-1h mbvyr-1i mbvyr-1k mbvyr-1l\"><div class=\"x-div e554643-e101 mbvyr-1g mbvyr-1h\"><span class=\"x-image e554643-e102 mbvyr-1m mbvyr-1o mbvyr-1p\"><img decoding=\"async\" src=\"https:\/\/prem-staging.liveutifree.com\/wp-content\/uploads\/2024\/10\/54e1dc01-4e68-4b49-99f6-6355e70de7b5-scaled.jpg\" width=\"1024\" height=\"1024\" alt=\"Foto de Melissa\" loading=\"lazy\"><\/span><hr class=\"x-line e554643-e103-v0 mbvyr-17 mbvyr-1c\"\/><\/div><div class=\"x-text x-content e554643-e104 mbvyr-14 body-medium\"><p><span>Melissa Kramer<\/span><br><span>Fundadora, CEO<\/span><br><a href=\"https:\/\/prem-staging.liveutifree.com\/es\/contacto-luf\/\"><span style=\"text-decoration: underline;\">Ponte en contacto con Melissa \u2192<\/span><\/a><\/p><\/div><\/div><\/div><\/div><\/div><\/div><\/div>","protected":false},"excerpt":{"rendered":"<p>Involucra a nuestro equipo Live UTI Free trabaja con organizaciones del sector de la salud femenina para mejorar la experiencia y la vida de las pacientes en todos los aspectos de la salud y el bienestar. Tanto si buscas participa en nuestra comunidad, aprende de tus clienteso financiar investigaciones que cambiar\u00e1 la vida de las personas, has venido al lugar &#8230; <\/p>\n<div><a href=\"https:\/\/prem-staging.liveutifree.com\/es\/trabaja-con-nosotros-luf\/\" class=\"more-link\">Read More<\/a><\/div>\n","protected":false},"author":1030,"featured_media":0,"parent":0,"menu_order":193,"comment_status":"closed","ping_status":"closed","template":"template-blank-4.php","meta":{"_acf_changed":false,"inline_featured_image":false,"footnotes":""},"class_list":["post-554643","page","type-page","status-publish","hentry","no-post-thumbnail"],"acf":[],"featured_image_src":null,"_links":{"self":[{"href":"https:\/\/prem-staging.liveutifree.com\/es\/wp-json\/wp\/v2\/pages\/554643","targetHints":{"allow":["GET"]}}],"collection":[{"href":"https:\/\/prem-staging.liveutifree.com\/es\/wp-json\/wp\/v2\/pages"}],"about":[{"href":"https:\/\/prem-staging.liveutifree.com\/es\/wp-json\/wp\/v2\/types\/page"}],"author":[{"embeddable":true,"href":"https:\/\/prem-staging.liveutifree.com\/es\/wp-json\/wp\/v2\/users\/1030"}],"replies":[{"embeddable":true,"href":"https:\/\/prem-staging.liveutifree.com\/es\/wp-json\/wp\/v2\/comments?post=554643"}],"version-history":[{"count":2,"href":"https:\/\/prem-staging.liveutifree.com\/es\/wp-json\/wp\/v2\/pages\/554643\/revisions"}],"predecessor-version":[{"id":576186,"href":"https:\/\/prem-staging.liveutifree.com\/es\/wp-json\/wp\/v2\/pages\/554643\/revisions\/576186"}],"wp:attachment":[{"href":"https:\/\/prem-staging.liveutifree.com\/es\/wp-json\/wp\/v2\/media?parent=554643"}],"curies":[{"name":"wp","href":"https:\/\/api.w.org\/{rel}","templated":true}]}}