{"id":577723,"date":"2025-10-23T14:16:48","date_gmt":"2025-10-23T14:16:48","guid":{"rendered":"https:\/\/prem-staging.liveutifree.com\/links\/"},"modified":"2025-10-23T14:17:11","modified_gmt":"2025-10-23T14:17:11","slug":"links","status":"publish","type":"page","link":"https:\/\/prem-staging.liveutifree.com\/de\/links\/","title":{"rendered":"Links"},"content":{"rendered":"<div id=\"cs-content\" class=\"cs-content\"><div class=\"x-section e577723-e1 mcdrv-0\"><div class=\"x-row x-container max width e577723-e2 mcdrv-1 mcdrv-2 mcdrv-3\"><div class=\"x-row-inner\"><div class=\"x-col e577723-e3 mcdrv-7 mcdrv-8\"><span class=\"x-image e577723-e4 mcdrv-a\"><img decoding=\"async\" src=\"https:\/\/prem-staging.liveutifree.com\/wp-content\/uploads\/2025\/04\/UTI-free-logo-pt.svg\" width=\"70\" height=\"83\" alt=\"Logo mit dem Schriftzug LIVE UTI FREE \u00fcber einem dreidimensionalen, nach unten zeigenden Dreieck, das in Rot und Dunkelblau schattiert ist.\" loading=\"lazy\"><\/span><\/div><\/div><\/div><hr class=\"x-line e577723-e5-v0 mcdrv-b mcdrv-c\"\/><div class=\"x-row x-container max width e577723-e6 mcdrv-1 mcdrv-2 mcdrv-4\"><div class=\"x-row-inner\"><div class=\"x-col e577723-e7 mcdrv-7 mcdrv-9\"><div class=\"x-div e577723-e8 mcdrv-e\"><div class=\"x-text x-text-headline e577723-e9 mcdrv-f heading-02\"><div class=\"x-text-content\"><div class=\"x-text-content-text\"><h1 class=\"x-text-content-text-primary\">N\u00fctzliche Links<\/h1>\n<\/div><\/div><\/div><hr class=\"x-line e577723-e10-v0 mcdrv-b mcdrv-c\"\/><a class=\"x-anchor x-anchor-button e577723-e11 mcdrv-g mcdrv-h button-red-primary\" tabindex=\"0\" href=\"https:\/\/liveutifree.us16.list-manage.com\/subscribe?u=8a5949c3356bba5c9e8fd7798&amp;id=b31e859056\" target=\"_blank\" rel=\"noopener noreferrer\"><div class=\"x-anchor-content\"><div class=\"x-anchor-text\"><span class=\"x-anchor-text-primary\">Melden Sie sich f\u00fcr unsere Forschung an<\/span><\/div><\/div><\/a><hr class=\"x-line e577723-e12-v0 mcdrv-b mcdrv-c\"\/><a class=\"x-anchor x-anchor-button e577723-e13 mcdrv-g mcdrv-h button-red-primary\" tabindex=\"0\" href=\"https:\/\/podcast.prem-staging.liveutifree.com\/\" target=\"_blank\" rel=\"noopener noreferrer\"><div class=\"x-anchor-content\"><div class=\"x-anchor-text\"><span class=\"x-anchor-text-primary\">H\u00f6ren Sie unseren Podcast<\/span><\/div><\/div><\/a><hr class=\"x-line e577723-e14-v0 mcdrv-b mcdrv-c\"\/><a class=\"x-anchor x-anchor-button e577723-e15 mcdrv-g mcdrv-h button-blue-primary\" tabindex=\"0\" href=\"https:\/\/youtu.be\/LE-ZWysxASs\" target=\"_blank\" rel=\"noopener noreferrer\"><div class=\"x-anchor-content\"><div class=\"x-anchor-text\"><span class=\"x-anchor-text-primary\">Prof. Harding | Video zur VESPER-Studie<\/span><\/div><\/div><\/a><hr class=\"x-line e577723-e16-v0 mcdrv-b mcdrv-c\"\/><a class=\"x-anchor x-anchor-button e577723-e17 mcdrv-g mcdrv-h button-blue-primary\" tabindex=\"0\" href=\"https:\/\/liveutifree.com\/vesper-trial\/\"><div class=\"x-anchor-content\"><div class=\"x-anchor-text\"><span class=\"x-anchor-text-primary\">VESPER-Studie UK | Blaseninstillationen<\/span><\/div><\/div><\/a><hr class=\"x-line e577723-e18-v0 mcdrv-b mcdrv-c\"\/><a class=\"x-anchor x-anchor-button e577723-e19 mcdrv-g mcdrv-h button-blue-primary\" tabindex=\"0\" href=\"https:\/\/uti-research.my-survey.host\/index.php\/271567?newtest=Y&amp;lang=en\" target=\"_blank\" rel=\"noopener noreferrer\"><div class=\"x-anchor-content\"><div class=\"x-anchor-text\"><span class=\"x-anchor-text-primary\">Studie zur Forschungsberechtigung<\/span><\/div><\/div><\/a><hr class=\"x-line e577723-e20-v0 mcdrv-b mcdrv-c\"\/><a class=\"x-anchor x-anchor-button e577723-e21 mcdrv-g mcdrv-h button-blue-primary\" tabindex=\"0\" href=\"https:\/\/liveutifree.com\/antibiotic-resistance-recovery\/\"><div class=\"x-anchor-content\"><div class=\"x-anchor-text\"><span class=\"x-anchor-text-primary\">Jean's Antibiotika-resistente UTI Geschichte<\/span><\/div><\/div><\/a><hr class=\"x-line e577723-e22-v0 mcdrv-b mcdrv-c\"\/><a class=\"x-anchor x-anchor-button e577723-e23 mcdrv-g mcdrv-h button-blue-primary\" tabindex=\"0\" href=\"https:\/\/www.ajog.org\/article\/S0002-9378(15)00745-0\/fulltext?utm_source=chatgpt.com\" target=\"_blank\" rel=\"noopener noreferrer\"><div class=\"x-anchor-content\"><div class=\"x-anchor-text\"><span class=\"x-anchor-text-primary\">Mikrobiom der Harnwege bei Urininkontinenz<\/span><\/div><\/div><\/a><hr class=\"x-line e577723-e24-v0 mcdrv-b mcdrv-c\"\/><a class=\"x-anchor x-anchor-button e577723-e25 mcdrv-g mcdrv-h button-blue-primary\" tabindex=\"0\" href=\"https:\/\/uor-redcap.reading.ac.uk\/surveys\/?s=34YHAXMTMH9MMDP4\" target=\"_blank\" rel=\"noopener noreferrer\"><div class=\"x-anchor-content\"><div class=\"x-anchor-text\"><span class=\"x-anchor-text-primary\">An der Studie zum sexuellen Wohlbefinden teilnehmen<\/span><\/div><\/div><\/a><hr class=\"x-line e577723-e26-v0 mcdrv-b mcdrv-c\"\/><a class=\"x-anchor x-anchor-button e577723-e27 mcdrv-g mcdrv-h button-red-primary\" tabindex=\"0\" href=\"https:\/\/prem-staging.liveutifree.com\/de\/kontakt-luf\/\"><div class=\"x-anchor-content\"><div class=\"x-anchor-text\"><span class=\"x-anchor-text-primary\">Einen Kliniker finden<\/span><\/div><\/div><\/a><hr class=\"x-line e577723-e28-v0 mcdrv-b mcdrv-c\"\/><a class=\"x-anchor x-anchor-button e577723-e29 mcdrv-g mcdrv-h button-red-primary\" tabindex=\"0\" href=\"https:\/\/uti-research.my-survey.host\/index.php\/323165?newtest=Y&amp;lang=en\" target=\"_blank\" rel=\"noopener noreferrer\"><div class=\"x-anchor-content\"><div class=\"x-anchor-text\"><span class=\"x-anchor-text-primary\">Feedback \u00fcber Kliniker teilen<\/span><\/div><\/div><\/a><hr class=\"x-line e577723-e30-v0 mcdrv-b mcdrv-c\"\/><\/div><\/div><\/div><\/div><hr class=\"x-line e577723-e31-v0 mcdrv-c mcdrv-d\"\/><div class=\"x-row x-container max width e577723-e32 mcdrv-1 mcdrv-2 mcdrv-5\"><div class=\"x-row-inner\"><div class=\"x-col e577723-e33 mcdrv-7 mcdrv-9\"><div class=\"x-div e577723-e34 mcdrv-e\"><div class=\"x-text x-text-headline e577723-e35 mcdrv-f heading-02\"><div class=\"x-text-content\"><div class=\"x-text-content-text\"><h2 class=\"x-text-content-text-primary\">Kostenlose Ressourcen<\/h2>\n<\/div><\/div><\/div><hr class=\"x-line e577723-e36-v0 mcdrv-b mcdrv-c\"\/><a class=\"x-anchor x-anchor-button e577723-e37 mcdrv-g mcdrv-h button-blue-primary\" tabindex=\"0\" href=\"https:\/\/prem-staging.liveutifree.com\/de\/gehen-sie-zu-ihrem-arzt-luf\/?utm_campaign=ttyd&amp;utm_source=ig&amp;utm_medium=post\"><div class=\"x-anchor-content\"><div class=\"x-anchor-text\"><span class=\"x-anchor-text-primary\">Gehen Sie zu Ihrem Arzt<\/span><\/div><\/div><\/a><hr class=\"x-line e577723-e38-v0 mcdrv-b mcdrv-c\"\/><a class=\"x-anchor x-anchor-button e577723-e39 mcdrv-g mcdrv-h button-blue-primary\" tabindex=\"0\" href=\"https:\/\/prem-staging.liveutifree.com\/de\/gehen-sie-zu-ihrem-arzt-luf\/?utm_campaign=ttyd&amp;utm_source=ig&amp;utm_medium=post\"><div class=\"x-anchor-content\"><div class=\"x-anchor-text\"><span class=\"x-anchor-text-primary\">Arbeitsblatt f\u00fcr die Ernennung<\/span><\/div><\/div><\/a><hr class=\"x-line e577723-e40-v0 mcdrv-b mcdrv-c\"\/><a class=\"x-anchor x-anchor-button e577723-e41 mcdrv-g mcdrv-h button-blue-primary\" tabindex=\"0\" href=\"https:\/\/liveutifree.us16.list-manage.com\/subscribe?u=8a5949c3356bba5c9e8fd7798&amp;id=7c2f7c5527\"><div class=\"x-anchor-content\"><div class=\"x-anchor-text\"><span class=\"x-anchor-text-primary\">Erg\u00e4nzungen Ebook erhalten<\/span><\/div><\/div><\/a><hr class=\"x-line e577723-e42-v0 mcdrv-b mcdrv-c\"\/><a class=\"x-anchor x-anchor-button e577723-e43 mcdrv-g mcdrv-h button-blue-primary\" tabindex=\"0\" href=\"https:\/\/femologist.com\/?utm_source=luf&amp;utm_medium=ig\" target=\"_blank\" rel=\"noopener noreferrer\"><div class=\"x-anchor-content\"><div class=\"x-anchor-text\"><span class=\"x-anchor-text-primary\">Gepr\u00fcfte Erg\u00e4nzungsmittel finden<\/span><\/div><\/div><\/a><\/div><\/div><\/div><\/div><hr class=\"x-line e577723-e44-v0 mcdrv-c mcdrv-d\"\/><div class=\"x-row x-container max width e577723-e45 mcdrv-1 mcdrv-2 mcdrv-6\"><div class=\"x-row-inner\"><div class=\"x-col e577723-e46 mcdrv-7 mcdrv-9\"><div class=\"x-text x-text-headline e577723-e47 mcdrv-f heading-02\"><div class=\"x-text-content\"><div class=\"x-text-content-text\"><h2 class=\"x-text-content-text-primary\">Soziale Netzwerke<\/h2>\n<\/div><\/div><\/div><hr class=\"x-line e577723-e48-v0 mcdrv-b mcdrv-c\"\/><a class=\"x-anchor x-anchor-button has-graphic e577723-e49 mcdrv-g mcdrv-i button-red-icon-primary\" tabindex=\"0\" href=\"https:\/\/www.facebook.com\/liveUTIfree\/\" target=\"_blank\" rel=\"noopener noreferrer\"><div class=\"x-anchor-content\"><span class=\"x-graphic\" aria-hidden=\"true\"><span class=\"x-image x-graphic-child x-graphic-image x-graphic-primary\"><img decoding=\"async\" src=\"https:\/\/prem-staging.liveutifree.com\/wp-content\/uploads\/2025\/03\/\ud83e\udd86-icon-_heart_-2.svg\" width=\"28\" height=\"27\" alt=\"Blank white background with no visible objects or text.\" loading=\"lazy\"><\/span><\/span><div class=\"x-anchor-text\"><span class=\"x-anchor-text-primary\">Facebook<\/span><\/div><\/div><\/a><hr class=\"x-line e577723-e50-v0 mcdrv-b mcdrv-c\"\/><a class=\"x-anchor x-anchor-button has-graphic e577723-e51 mcdrv-g mcdrv-i button-red-icon-primary\" tabindex=\"0\" href=\"https:\/\/twitter.com\/liveUTIfree\/\" target=\"_blank\" rel=\"noopener noreferrer\"><div class=\"x-anchor-content\"><span class=\"x-graphic\" aria-hidden=\"true\"><span class=\"x-image x-graphic-child x-graphic-image x-graphic-primary\"><img decoding=\"async\" src=\"https:\/\/prem-staging.liveutifree.com\/wp-content\/uploads\/2025\/03\/\ud83e\udd86-icon-_heart_-2-1.svg\" width=\"28\" height=\"27\" alt=\"The image is blank with a solid white background and no visible objects or text.\" loading=\"lazy\"><\/span><\/span><div class=\"x-anchor-text\"><span class=\"x-anchor-text-primary\">X fr\u00fcher Twitter<\/span><\/div><\/div><\/a><hr class=\"x-line e577723-e52-v0 mcdrv-b mcdrv-c\"\/><a class=\"x-anchor x-anchor-button has-graphic e577723-e53 mcdrv-g mcdrv-i button-red-icon-primary\" tabindex=\"0\" href=\"mailto:team@liveutifree.com\" target=\"_blank\" rel=\"noopener noreferrer\"><div class=\"x-anchor-content\"><span class=\"x-graphic\" aria-hidden=\"true\"><span class=\"x-image x-graphic-child x-graphic-image x-graphic-primary\"><img decoding=\"async\" src=\"https:\/\/prem-staging.liveutifree.com\/wp-content\/uploads\/2025\/03\/\ud83e\udd86-icon-_heart_-1-1.svg\" width=\"28\" height=\"27\" alt=\"Blank white background with no visible objects or features.\" loading=\"lazy\"><\/span><\/span><div class=\"x-anchor-text\"><span class=\"x-anchor-text-primary\">E-Mail<\/span><\/div><\/div><\/a><\/div><\/div><\/div><\/div><\/div>","protected":false},"excerpt":{"rendered":"<p>N\u00fctzliche Links Melden Sie sich f\u00fcr unsere Forschung anH\u00f6ren Sie unseren PodcastProf. Harding | Video zur VESPER-StudieVESPER-Studie UK | BlaseninstillationenStudie zur ForschungsberechtigungJean&#8217;s Antibiotika-resistente UTI GeschichteMikrobiom der Harnwege bei UrininkontinenzAn der Studie zum sexuellen Wohlbefinden teilnehmenEinen Kliniker findenFeedback \u00fcber Kliniker teilenKostenlose Ressourcen Gehen Sie zu Ihrem ArztArbeitsblatt f\u00fcr die ErnennungErg\u00e4nzungen Ebook erhaltenGepr\u00fcfte Erg\u00e4nzungsmittel findenSoziale Netzwerke FacebookX fr\u00fcher TwitterE-Mail<\/p>\n","protected":false},"author":1091,"featured_media":0,"parent":0,"menu_order":130,"comment_status":"closed","ping_status":"closed","template":"template-blank-4.php","meta":{"_acf_changed":false,"inline_featured_image":false,"footnotes":""},"class_list":["post-577723","page","type-page","status-publish","hentry","no-post-thumbnail"],"acf":[],"featured_image_src":null,"_links":{"self":[{"href":"https:\/\/prem-staging.liveutifree.com\/de\/wp-json\/wp\/v2\/pages\/577723","targetHints":{"allow":["GET"]}}],"collection":[{"href":"https:\/\/prem-staging.liveutifree.com\/de\/wp-json\/wp\/v2\/pages"}],"about":[{"href":"https:\/\/prem-staging.liveutifree.com\/de\/wp-json\/wp\/v2\/types\/page"}],"author":[{"embeddable":true,"href":"https:\/\/prem-staging.liveutifree.com\/de\/wp-json\/wp\/v2\/users\/1091"}],"replies":[{"embeddable":true,"href":"https:\/\/prem-staging.liveutifree.com\/de\/wp-json\/wp\/v2\/comments?post=577723"}],"version-history":[{"count":1,"href":"https:\/\/prem-staging.liveutifree.com\/de\/wp-json\/wp\/v2\/pages\/577723\/revisions"}],"predecessor-version":[{"id":577767,"href":"https:\/\/prem-staging.liveutifree.com\/de\/wp-json\/wp\/v2\/pages\/577723\/revisions\/577767"}],"wp:attachment":[{"href":"https:\/\/prem-staging.liveutifree.com\/de\/wp-json\/wp\/v2\/media?parent=577723"}],"curies":[{"name":"wp","href":"https:\/\/api.w.org\/{rel}","templated":true}]}}