{"id":554564,"date":"2025-09-07T10:55:54","date_gmt":"2025-09-07T10:55:54","guid":{"rendered":"https:\/\/prem-staging.liveutifree.com\/arbeiten-sie-mit-uns-luf\/"},"modified":"2026-01-07T12:28:34","modified_gmt":"2026-01-07T12:28:34","slug":"arbeiten-sie-mit-uns-luf","status":"publish","type":"page","link":"https:\/\/prem-staging.liveutifree.com\/de\/arbeiten-sie-mit-uns-luf\/","title":{"rendered":"Arbeiten Sie mit uns | LUF"},"content":{"rendered":"<div id=\"cs-content\" class=\"cs-content\"><div class=\"x-section e554564-e1 mbvwk-0 mbvwk-1\"><div class=\"x-row e554564-e2 mbvwk-3 mbvwk-4 mbvwk-5 mbvwk-6 mbvwk-7 mbvwk-d mbvwk-e\"><div class=\"x-row-inner\"><div class=\"x-col e554564-e3 mbvwk-p mbvwk-q\"><div class=\"x-text x-text-headline e554564-e4 mbvwk-10 mbvwk-11 heading-02\"><div class=\"x-text-content\"><div class=\"x-text-content-text\"><h1 class=\"x-text-content-text-primary\">Unser Team engagieren<\/h1>\n<\/div><\/div><\/div><\/div><div class=\"x-col e554564-e5 mbvwk-p mbvwk-q mbvwk-r mbvwk-s mbvwk-t\"><div class=\"x-text x-content e554564-e6 mbvwk-13 mbvwk-14 mbvwk-15 body-medium\"><span>Live UTI Free arbeitet mit Organisationen aus der Frauengesundheitsbranche zusammen, um die Erfahrungen und das Leben der Patienten in allen Bereichen der Gesundheit und des Wohlbefindens zu verbessern. Ob Sie nun auf der Suche nach   <\/span><strong>engagieren<\/strong><span> <\/span><strong>unsere Gemeinschaft<\/strong><span>,<\/span><strong><span> <\/span>lernen von<\/strong><span> <\/span><strong>Ihre Kunden<\/strong><span>, oder <\/span><strong>Forschung finanzieren<\/strong><span> zu finanzieren, die das Leben der Menschen ver\u00e4ndern wird, sind Sie bei uns genau richtig.<\/span><\/div><\/div><\/div><\/div><hr class=\"x-line e554564-e7-v0 mbvwk-16 mbvwk-17\"\/><div class=\"x-row x-container max width e554564-e8 mbvwk-3 mbvwk-5 mbvwk-7 mbvwk-8 mbvwk-d mbvwk-f\"><div class=\"x-row-inner\"><div class=\"x-col e554564-e9 mbvwk-p mbvwk-q\"><div class=\"x-text x-text-headline e554564-e10 mbvwk-10 mbvwk-11 heading-03\"><div class=\"x-text-content\"><div class=\"x-text-content-text\"><h2 class=\"x-text-content-text-primary\">Wo k\u00f6nnen wir helfen?<\/h2>\n<\/div><\/div><\/div><\/div><div class=\"x-col e554564-e11 mbvwk-p mbvwk-q\"><div class=\"x-div e554564-e12 mbvwk-1d mbvwk-1e mbvwk-1f mbvwk-1g mbvwk-1h\"><div class=\"x-text x-content e554564-e13 mbvwk-14 mbvwk-15 link-medium-default\"><span style=\"text-decoration: underline;\"><span style=\"color: #c74f4d;\"><a href=\"#enlist\" style=\"color: #c74f4d; text-decoration: underline;\">Nehmen Sie unsere Dienste in Anspruch<\/a><\/span><\/span><\/div><div class=\"x-div x-hide-xs e554564-e14 mbvwk-1d mbvwk-1f mbvwk-1g mbvwk-1i mbvwk-1j\"><\/div><div class=\"x-text x-content e554564-e15 mbvwk-14 link-medium-default\"><a href=\"#sponsorship\"><span style=\"text-decoration: underline;\">Patenschaften<\/span><\/a><\/div><div class=\"x-div x-hide-xs e554564-e16 mbvwk-1d mbvwk-1f mbvwk-1g mbvwk-1i mbvwk-1j\"><\/div><div class=\"x-text x-content e554564-e17 mbvwk-14 link-medium-default\"><a href=\"#diagnostic\"><span style=\"text-decoration: underline;\">Diagnostik-Unternehmen<\/span><\/a><\/div><\/div><\/div><\/div><\/div><hr class=\"x-line e554564-e18-v0 mbvwk-16 mbvwk-17\"\/><div class=\"x-row e554564-e19 mbvwk-3 mbvwk-5 mbvwk-7 mbvwk-9 mbvwk-a mbvwk-d mbvwk-g\"><div class=\"x-row-inner\"><div class=\"x-col e554564-e20 mbvwk-p mbvwk-q\"><div class=\"x-div e554564-e21 mbvwk-1g mbvwk-1h\" id=\"enlist\"><div class=\"x-text x-text-headline e554564-e22 mbvwk-10 mbvwk-11 heading-03\"><div class=\"x-text-content\"><div class=\"x-text-content-text\"><h1 class=\"x-text-content-text-primary\">Nehmen Sie unsere Dienste in Anspruch<\/h1>\n<\/div><\/div><\/div><\/div><\/div><div class=\"x-col e554564-e23 mbvwk-p mbvwk-q\"><div class=\"x-row e554564-e24 mbvwk-3 mbvwk-5 mbvwk-8 mbvwk-b mbvwk-h mbvwk-i\"><div class=\"x-row-inner\"><a class=\"x-col e554564-e25 mbvwk-p mbvwk-r mbvwk-t mbvwk-u mbvwk-v\" href=\"#work-with-contact\"><div class=\"x-text x-text-headline e554564-e26 mbvwk-10 heading-06\"><div class=\"x-text-content\"><div class=\"x-text-content-text\"><h1 class=\"x-text-content-text-primary\">Einblicke f\u00fcr Patienten und Verbraucher<\/h1>\n<\/div><\/div><\/div><hr class=\"x-line e554564-e27-v0 mbvwk-17 mbvwk-18\"\/><div class=\"x-text x-content e554564-e28 mbvwk-14 body-regular\">Entwickeln Sie ein tieferes Verst\u00e4ndnis f\u00fcr die Bed\u00fcrfnisse Ihrer Kunden im Bereich der Frauengesundheit.<\/div><hr class=\"x-line e554564-e29-v0 mbvwk-17 mbvwk-19\"\/><div class=\"x-text x-content e554564-e30 mbvwk-14 link-medium-red\"><span style=\"text-decoration: underline;\"><span >Erfahren Sie mehr \u2192<\/span><\/span><\/div><\/a><a class=\"x-col e554564-e31 mbvwk-p mbvwk-r mbvwk-t mbvwk-u mbvwk-v\" href=\"#work-with-contact\"><div class=\"x-text x-text-headline e554564-e32 mbvwk-10 heading-06\"><div class=\"x-text-content\"><div class=\"x-text-content-text\"><h1 class=\"x-text-content-text-primary\">Patient &amp; Rekrutierung<\/h1>\n<\/div><\/div><\/div><hr class=\"x-line e554564-e33-v0 mbvwk-17 mbvwk-18\"\/><div class=\"x-text x-content e554564-e34 mbvwk-14 body-regular\">F\u00fcr klinische Studien, qualitative Forschung, Umfragen und Berater f\u00fcr die Beteiligung von Patienten und der \u00d6ffentlichkeit.<\/div><hr class=\"x-line e554564-e35-v0 mbvwk-17 mbvwk-19\"\/><div class=\"x-text x-content e554564-e36 mbvwk-14 link-medium-red\"><span style=\"text-decoration: underline;\"><span >Erfahren Sie mehr \u2192<\/span><\/span><\/div><\/a><a class=\"x-col e554564-e37 mbvwk-p mbvwk-r mbvwk-t mbvwk-u mbvwk-v\" href=\"#work-with-contact\"><div class=\"x-text x-text-headline e554564-e38 mbvwk-10 heading-06\"><div class=\"x-text-content\"><div class=\"x-text-content-text\"><h1 class=\"x-text-content-text-primary\">Studiendesign<\/h1>\n<\/div><\/div><\/div><hr class=\"x-line e554564-e39-v0 mbvwk-17 mbvwk-18\"\/><div class=\"x-text x-content e554564-e40 mbvwk-14 body-regular\">Beauftragen Sie unser Forschungsteam mit der Gestaltung Ihres Studienprotokolls oder geben Sie uns Feedback dazu.<\/div><hr class=\"x-line e554564-e41-v0 mbvwk-17 mbvwk-19\"\/><div class=\"x-text x-content e554564-e42 mbvwk-14 link-medium-red\"><span style=\"text-decoration: underline;\"><span >Erfahren Sie mehr \u2192<\/span><\/span><\/div><\/a><\/div><\/div><\/div><\/div><\/div><hr class=\"x-line e554564-e43-v0 mbvwk-17 mbvwk-1a\"\/><div class=\"x-row e554564-e44 mbvwk-3 mbvwk-5 mbvwk-7 mbvwk-9 mbvwk-a mbvwk-d mbvwk-j\"><div class=\"x-row-inner\"><div class=\"x-col e554564-e45 mbvwk-p mbvwk-q\"><div class=\"x-div e554564-e46 mbvwk-1g mbvwk-1h\" id=\"sponsorship\"><div class=\"x-text x-text-headline e554564-e47 mbvwk-10 mbvwk-11 heading-03\"><div class=\"x-text-content\"><div class=\"x-text-content-text\"><h3 class=\"x-text-content-text-primary\">Sponsoring-M\u00f6glichkeiten<\/h3>\n<\/div><\/div><\/div><\/div><\/div><div class=\"x-col e554564-e48 mbvwk-p mbvwk-q\"><div class=\"x-row e554564-e49 mbvwk-3 mbvwk-5 mbvwk-8 mbvwk-b mbvwk-h mbvwk-k\"><div class=\"x-row-inner\"><a class=\"x-col e554564-e50 mbvwk-p mbvwk-r mbvwk-t mbvwk-u mbvwk-w\" href=\"#work-with-contact\"><div class=\"x-text x-text-headline e554564-e51 mbvwk-10 heading-06\"><div class=\"x-text-content\"><div class=\"x-text-content-text\"><h6 class=\"x-text-content-text-primary\">Inhaltliche Partnerschaften<\/h6>\n<\/div><\/div><\/div><hr class=\"x-line e554564-e52-v0 mbvwk-17 mbvwk-18\"\/><div class=\"x-text x-content e554564-e53 mbvwk-14 body-regular\">Sponsern Sie unsere YouTube-Videos, stellen Sie Ihre Produkte oder Dienstleistungen auf unserer Mailingliste vor oder arbeiten Sie mit unserem Team an gegenseitigen Inhalten. Sprechen Sie uns an, wenn Sie eine detaillierte \u00dcbersicht \u00fcber unsere zahlreichen Content-M\u00f6glichkeiten erhalten m\u00f6chten. <\/div><hr class=\"x-line e554564-e54-v0 mbvwk-17 mbvwk-19\"\/><div class=\"x-text x-content e554564-e55 mbvwk-14 link-medium-red\"><span style=\"text-decoration: underline;\"><span >Kontaktieren Sie uns \u2192.<\/span><\/span><\/div><\/a><a class=\"x-col e554564-e56 mbvwk-p mbvwk-r mbvwk-t mbvwk-u mbvwk-w\" href=\"#work-with-contact\"><div class=\"x-text x-text-headline e554564-e57 mbvwk-10 heading-06\"><div class=\"x-text-content\"><div class=\"x-text-content-text\"><h1 class=\"x-text-content-text-primary\">Patientenforschung<\/h1>\n<\/div><\/div><\/div><hr class=\"x-line e554564-e58-v0 mbvwk-17 mbvwk-18\"\/><div class=\"x-text x-content e554564-e59 mbvwk-14 body-regular\">Werden Sie Namenssponsor und F\u00f6rderer unserer lebensver\u00e4ndernden Forschungsinitiativen f\u00fcr UTI und die Gesundheit von Frauen.<\/div><hr class=\"x-line e554564-e60-v0 mbvwk-17 mbvwk-19\"\/><div class=\"x-text x-content e554564-e61 mbvwk-14 link-medium-red\"><span style=\"text-decoration: underline;\"><span >Forschung finanzieren \u2192 Forschung<\/span><\/span><\/div><\/a><a class=\"x-col e554564-e62 mbvwk-p mbvwk-r mbvwk-t mbvwk-u mbvwk-w\" href=\"#work-with-contact\"><div class=\"x-text x-text-headline e554564-e63 mbvwk-10 heading-06\"><div class=\"x-text-content\"><div class=\"x-text-content-text\"><h1 class=\"x-text-content-text-primary\">PhD-Finanzierung<\/h1>\n<\/div><\/div><\/div><hr class=\"x-line e554564-e64-v0 mbvwk-17 mbvwk-18\"\/><div class=\"x-text x-content e554564-e65 mbvwk-14 body-regular\">Unterst\u00fctzen Sie die Forschung von Doktoranden und erhalten Sie \u00fcber Live UTO Free direkten Zugang zu ihrem Fachwissen. Unser PhD-Programm hat bereits zu zahlreichen Ver\u00f6ffentlichungen gef\u00fchrt, die die UTI-Forschung voranbringen. <\/div><hr class=\"x-line e554564-e66-v0 mbvwk-17 mbvwk-19\"\/><div class=\"x-text x-content e554564-e67 mbvwk-14 link-medium-red\"><span style=\"text-decoration: underline;\"><span >Erfahren Sie mehr \u2192<\/span><\/span><\/div><\/a><\/div><\/div><\/div><\/div><\/div><hr class=\"x-line e554564-e68-v0 mbvwk-17 mbvwk-1a\"\/><div class=\"x-row e554564-e69 mbvwk-3 mbvwk-4 mbvwk-5 mbvwk-7 mbvwk-a mbvwk-d mbvwk-l\"><div class=\"x-row-inner\"><div class=\"x-col e554564-e70 mbvwk-p mbvwk-q\"><div class=\"x-div e554564-e71 mbvwk-1g mbvwk-1h\" id=\"diagnostic\"><div class=\"x-text x-text-headline e554564-e72 mbvwk-10 mbvwk-11 heading-03\"><div class=\"x-text-content\"><div class=\"x-text-content-text\"><h1 class=\"x-text-content-text-primary\">Diagnostische Partnerschaften erforschen<\/h1>\n<\/div><\/div><\/div><\/div><\/div><div class=\"x-col e554564-e73 mbvwk-p mbvwk-q mbvwk-r mbvwk-s mbvwk-x\"><span class=\"x-image e554564-e74 mbvwk-1m mbvwk-1n\"><img decoding=\"async\" src=\"https:\/\/prem-staging.liveutifree.com\/wp-content\/uploads\/2024\/02\/Group-87-1.png\" width=\"1564\" height=\"664\" alt=\"Blaues Werbebanner mit den Sponsoring-Paketen f\u00fcr LUF: Gold (Verzeichniseintrag), Platin (Artikel und Beteiligung an der Gemeinschaft) und Saphir (individuelle Option). Zu den visuellen Elementen geh\u00f6ren goldene und silberne Abzeichen. Der Text l\u00e4dt Nutzer ein, mit uns zusammenzuarbeiten, um das ideale Paket zu finden.\" loading=\"lazy\"><\/span><\/div><\/div><\/div><hr class=\"x-line e554564-e75-v0 mbvwk-16 mbvwk-17\"\/><div class=\"x-row e554564-e76 mbvwk-3 mbvwk-4 mbvwk-5 mbvwk-6 mbvwk-7 mbvwk-d mbvwk-m\"><div class=\"x-row-inner\"><div class=\"x-col e554564-e77 mbvwk-p mbvwk-q mbvwk-r mbvwk-s mbvwk-t\"><div class=\"x-text x-content e554564-e78 mbvwk-14 body-medium\"><p>Buchen Sie ein Telefongespr\u00e4ch mit unserem Team und lassen Sie sich durch einen interaktiven Workshop leiten, der Ihre Unternehmensziele aufdeckt und es uns erm\u00f6glicht, ein ma\u00dfgeschneidertes Werbepaket zu entwickeln, das am besten zu Ihrer Marktstrategie passt.<\/p>\n<p>Diagnostikunternehmen, die mit der Mission von Live UTI Free \u00fcbereinstimmen, haben die M\u00f6glichkeit, Sponsor zu werden.<\/p><\/div><hr class=\"x-line e554564-e79-v0 mbvwk-17 mbvwk-1b\"\/><div class=\"x-div e554564-e80 mbvwk-1d mbvwk-1e mbvwk-1g mbvwk-1h mbvwk-1k\"><div class=\"x-text x-content e554564-e81 mbvwk-14 body-regular\"><a href=\"#work-with-contact\"><span style=\"text-decoration: underline;\">Erfahren Sie mehr \u2192.<\/span><\/a><\/div><\/div><\/div><\/div><\/div><\/div><div class=\"x-section e554564-e82 mbvwk-0 mbvwk-2\" id=\"work-with-contact\"><div class=\"x-row x-container max width e554564-e83 mbvwk-3 mbvwk-7 mbvwk-8 mbvwk-c mbvwk-d mbvwk-n\"><div class=\"x-row-inner\"><div class=\"x-col e554564-e84 mbvwk-p mbvwk-q mbvwk-y\"><div class=\"x-div e554564-e85 mbvwk-1g mbvwk-1h\"><div class=\"x-text x-text-headline e554564-e86 mbvwk-10 mbvwk-11 heading-02\"><div class=\"x-text-content\"><div class=\"x-text-content-text\"><h2 class=\"x-text-content-text-primary\">Kontakt aufnehmen<\/h2>\n<\/div><\/div><\/div><hr class=\"x-line e554564-e87-v0 mbvwk-16 mbvwk-17\"\/><\/div><div class=\"x-form-integration x-form-integration-embed e554564-e88 mbvwk-1q\"><div class=\"forminator-ui forminator-custom-form forminator-custom-form-548578 forminator-design--material  forminator_ajax\" data-forminator-render=\"0\" data-form=\"forminator-module-548578\" data-uid=\"69ef47456feb9\"><br\/><\/div><form\r\n\t\t\t\tid=\"forminator-module-548578\"\r\n\t\t\t\tclass=\"forminator-ui forminator-custom-form forminator-custom-form-548578 forminator-design--material  forminator_ajax\"\r\n\t\t\t\tmethod=\"post\"\r\n\t\t\t\tdata-forminator-render=\"0\"\r\n\t\t\t\tdata-form-id=\"548578\"\r\n\t\t\t\t data-color-option=\"theme\" data-design=\"material\" data-grid=\"open\" style=\"display: none;\"\r\n\t\t\t\tdata-uid=\"69ef47456feb9\"\r\n\t\t\t><div role=\"alert\" aria-live=\"polite\" class=\"forminator-response-message forminator-error\" aria-hidden=\"true\"><\/div><div class=\"forminator-row\"><div id=\"name-1\" class=\"forminator-field-name forminator-col forminator-col-12 \"><div class=\"forminator-field\"><label for=\"forminator-field-name-1_69ef47456feb9\" id=\"forminator-field-name-1_69ef47456feb9-label\" class=\"forminator-label\">Full name <span class=\"forminator-required\">*<\/span><\/label><input type=\"text\" name=\"name-1\" value=\"\" placeholder=\"\" id=\"forminator-field-name-1_69ef47456feb9\" class=\"forminator-input forminator-name--field\" aria-required=\"true\" autocomplete=\"name\" \/><\/div><\/div><\/div><div class=\"forminator-row\"><div id=\"email-1\" class=\"forminator-field-email forminator-col forminator-col-12 \"><div class=\"forminator-field\"><label for=\"forminator-field-email-1_69ef47456feb9\" id=\"forminator-field-email-1_69ef47456feb9-label\" class=\"forminator-label\">Email address <span class=\"forminator-required\">*<\/span><\/label><input type=\"email\" name=\"email-1\" value=\"\" placeholder=\"\" id=\"forminator-field-email-1_69ef47456feb9\" class=\"forminator-input forminator-email--field\" data-required=\"1\" aria-required=\"true\" autocomplete=\"email\" \/><\/div><\/div><\/div><div class=\"forminator-row\"><div id=\"textarea-1\" class=\"forminator-field-textarea forminator-col forminator-col-12 \"><div class=\"forminator-field\"><label for=\"forminator-field-textarea-1_69ef47456feb9\" id=\"forminator-field-textarea-1_69ef47456feb9-label\" class=\"forminator-label\">Organization\/Company name <span class=\"forminator-required\">*<\/span><\/label><textarea name=\"textarea-1\" placeholder=\"\" id=\"forminator-field-textarea-1_69ef47456feb9\" class=\"forminator-textarea\" rows=\"6\" style=\"--forminator-textarea-min-height:20px;\" ><\/textarea><\/div><\/div><\/div><div class=\"forminator-row\"><div id=\"textarea-3\" class=\"forminator-field-textarea forminator-col forminator-col-12 \"><div class=\"forminator-field\"><label for=\"forminator-field-textarea-3_69ef47456feb9\" id=\"forminator-field-textarea-3_69ef47456feb9-label\" class=\"forminator-label\">Role\/Position<\/label><textarea name=\"textarea-3\" placeholder=\"\" id=\"forminator-field-textarea-3_69ef47456feb9\" class=\"forminator-textarea\" rows=\"6\" style=\"--forminator-textarea-min-height:20px;\" ><\/textarea><\/div><\/div><\/div><div class=\"forminator-row\"><div id=\"select-1\" class=\"forminator-field-select forminator-col forminator-col-12 \"><div class=\"forminator-field\"><label for=\"forminator-form-548578__field--select-1_69ef47456feb9\" id=\"forminator-form-548578__field--select-1_69ef47456feb9-label\" class=\"forminator-label\">Services you&#039;re interested in <span class=\"forminator-required\">*<\/span><\/label><select  id=\"forminator-form-548578__field--select-1_69ef47456feb9\" class=\"forminator-select--field forminator-select2 forminator-select2-multiple\" data-required=\"1\" name=\"select-1\" data-default-value=\"\" data-hidden-behavior=\"zero\" data-placeholder=\"Select your interest\" data-search=\"false\" data-search-placeholder=\"Select your interest\" data-checkbox=\"false\" data-allow-clear=\"false\" aria-labelledby=\"forminator-form-548578__field--select-1_69ef47456feb9-label\"><option value=\"\"  >Select your interest<\/option><option value=\"one\"  data-calculation=\"0\">Patient &amp; Consumer Insights<\/option><option value=\"two\"  data-calculation=\"0\">Patient Recruitment<\/option><option value=\"Study-Design\"  data-calculation=\"0\">Study Design<\/option><option value=\"Content-Partnerships\"  data-calculation=\"0\">Content Partnership<\/option><option value=\"Researcher-Sponsorship\"  data-calculation=\"0\">Research Sponsorship<\/option><option value=\"Diagnostic-Partnerships\"  data-calculation=\"0\">Diagnostic Partnership<\/option><\/select><\/div><\/div><\/div><div class=\"forminator-row\"><div id=\"textarea-2\" class=\"forminator-field-textarea forminator-col forminator-col-12 \"><div class=\"forminator-field\"><label for=\"forminator-field-textarea-2_69ef47456feb9\" id=\"forminator-field-textarea-2_69ef47456feb9-label\" class=\"forminator-label\">Tell us about your project and goals<\/label><textarea name=\"textarea-2\" placeholder=\"\" id=\"forminator-field-textarea-2_69ef47456feb9\" class=\"forminator-textarea\" rows=\"6\" style=\"--forminator-textarea-min-height:42px;\" ><\/textarea><\/div><\/div><\/div><div class=\"forminator-row\"><div id=\"select-2\" class=\"forminator-field-select forminator-col forminator-col-12 \"><div class=\"forminator-field\"><label for=\"forminator-form-548578__field--select-2_69ef47456feb9\" id=\"forminator-form-548578__field--select-2_69ef47456feb9-label\" class=\"forminator-label\">Select a target time range for the activities<\/label><select  id=\"forminator-form-548578__field--select-2_69ef47456feb9\" class=\"forminator-select--field forminator-select2 forminator-select2-multiple\" data-required=\"\" name=\"select-2\" data-default-value=\"\" data-hidden-behavior=\"zero\" data-placeholder=\"Project timeline\" data-search=\"false\" data-search-placeholder=\"Project timeline\" data-checkbox=\"false\" data-allow-clear=\"false\" aria-labelledby=\"forminator-form-548578__field--select-2_69ef47456feb9-label\"><option value=\"\"  >Project timeline<\/option><option value=\"one\"  data-calculation=\"0\">ASAP<\/option><option value=\"two\"  data-calculation=\"0\">1-3 months<\/option><option value=\"Within-6-months\"  data-calculation=\"0\">3-6 months<\/option><option value=\"Future-consideration\"  data-calculation=\"0\">Future consideration<\/option><\/select><\/div><\/div><\/div><div class=\"forminator-row\" style=\"margin: 0;\"><div id=\"captcha-1\" class=\"forminator-field-captcha  forminator-col-12 \"><div class=\"forminator-captcha-left forminator-hcaptcha\" data-theme=\"light\"  data-sitekey=\"5dd6d77c-e57e-4aca-b120-e02c7bbc3ed8\" data-size=\"invisible\"><\/div> <div class=\"forminator-checkbox__label\"><p>This site is protected by <a href=\"https:\/\/hcaptcha.com\/privacy\">hCaptcha<\/a>.<\/p><\/div><\/div><\/div><input type=\"hidden\" name=\"referer_url\" value=\"\" \/><div class=\"forminator-row forminator-row-last\"><div class=\"forminator-col\"><div class=\"forminator-field\"><button class=\"forminator-button forminator-button-submit\"><span>Submit<\/span><span aria-hidden=\"true\"><\/span><\/button><\/div><\/div><\/div><input type=\"hidden\" id=\"forminator_nonce\" name=\"forminator_nonce\" value=\"08ae685451\" \/><input type=\"hidden\" name=\"_wp_http_referer\" value=\"\/de\/wp-json\/wp\/v2\/pages\/554564\" \/><input type=\"hidden\" name=\"form_id\" value=\"548578\"><input type=\"hidden\" name=\"page_id\" value=\"554564\"><input type=\"hidden\" name=\"form_type\" value=\"default\"><input type=\"hidden\" name=\"current_url\" value=\"https:\/\/prem-staging.liveutifree.com\/de\/arbeiten-sie-mit-uns-luf\/\"><input type=\"hidden\" name=\"render_id\" value=\"0\"><input type=\"hidden\" name=\"action\" value=\"forminator_submit_form_custom-forms\"><label for=\"input_8\" class=\"forminator-hidden\" aria-hidden=\"true\">Please do not fill in this field. <input id=\"input_8\" type=\"text\" name=\"input_8\" value=\"\" autocomplete=\"off\"><\/label><\/form><\/div><\/div><\/div><\/div><\/div><div class=\"x-section e554564-e89 mbvwk-0 mbvwk-1\"><div class=\"x-row e554564-e90 mbvwk-3 mbvwk-4 mbvwk-5 mbvwk-7 mbvwk-8 mbvwk-d mbvwk-o\"><div class=\"x-row-inner\"><div class=\"x-col e554564-e91 mbvwk-p mbvwk-q mbvwk-r mbvwk-s mbvwk-t mbvwk-z\"><div class=\"x-text x-content e554564-e92 mbvwk-14 body-medium\"><span>Gem\u00e4\u00df unserer <\/span><span style=\"color: #000000;\">Politik der Finanzierungstransparenz<\/span><span>Alle potenziellen Partnerschaften werden auf ihren Nutzen f\u00fcr unsere Gemeinschaft und die \u00dcbereinstimmung mit unserer Mission gepr\u00fcft. Wenn Sie Fragen haben oder eine Gelegenheit n\u00e4her besprechen m\u00f6chten, nehmen Sie bitte Kontakt mit unserem Team auf. <\/span><\/div><hr class=\"x-line e554564-e93-v0 mbvwk-16 mbvwk-17\"\/><div class=\"x-text x-text-headline e554564-e94 mbvwk-10 mbvwk-11 mbvwk-12 heading-03\"><div class=\"x-text-content\"><div class=\"x-text-content-text\"><h3 class=\"x-text-content-text-primary\">Unser Partnerschafts-Team<\/h3>\n<\/div><\/div><\/div><hr class=\"x-line e554564-e95-v0 mbvwk-17 mbvwk-1b\"\/><div class=\"x-text x-content e554564-e96 mbvwk-14 body-medium\"><span>Unser Team besteht aus einer erstaunlichen Gruppe von Themen <\/span><a href=\"https:\/\/prem-staging.liveutifree.com\/de\/ueber-luf\/\"><span style=\"text-decoration: underline;\">Experten, Beratern und Spezialisten<\/span><\/a><span>  die sich bei Organisationen engagieren, die sich an der Mission orientieren. Gemeinsam haben wir starke Verbindungen zu Forschern, Klinikern und Patienten aufgebaut. Wir freuen uns immer \u00fcber Ihr Interesse an einer Zusammenarbeit mit uns und freuen uns darauf, von Ihnen zu h\u00f6ren!  <\/span><\/div><hr class=\"x-line e554564-e97-v0 mbvwk-17 mbvwk-1b\"\/><span class=\"x-image e554564-e98 mbvwk-1m mbvwk-1n mbvwk-1o\"><img decoding=\"async\" src=\"https:\/\/prem-staging.liveutifree.com\/wp-content\/uploads\/2022\/09\/Logo-bar-e1663252650697.png\" width=\"880\" height=\"199\" alt=\"Eine Sammlung von Logos von Organisationen wie LUF, Universit\u00e4ten, medizinischen Einrichtungen und Logistikunternehmen, die in zwei Reihen auf einem transparenten Hintergrund angezeigt werden. Diese Logos repr\u00e4sentieren unsere Partner und Kunden.\" loading=\"lazy\"><\/span><hr class=\"x-line e554564-e99-v0 mbvwk-16 mbvwk-17\"\/><div class=\"x-div e554564-e100 mbvwk-1d mbvwk-1g mbvwk-1h mbvwk-1i mbvwk-1k mbvwk-1l\"><div class=\"x-div e554564-e101 mbvwk-1g mbvwk-1h\"><span class=\"x-image e554564-e102 mbvwk-1m mbvwk-1o mbvwk-1p\"><img decoding=\"async\" src=\"https:\/\/prem-staging.liveutifree.com\/wp-content\/uploads\/2024\/10\/54e1dc01-4e68-4b49-99f6-6355e70de7b5-scaled.jpg\" width=\"1024\" height=\"1024\" alt=\"Bild von Melissa\" loading=\"lazy\"><\/span><hr class=\"x-line e554564-e103-v0 mbvwk-17 mbvwk-1c\"\/><\/div><div class=\"x-text x-content e554564-e104 mbvwk-14 body-medium\"><p><span>Melissa Kramer<\/span><br><span>Gr\u00fcnderin, CEO<\/span><br><a href=\"https:\/\/prem-staging.liveutifree.com\/de\/kontakt-luf\/\"><span style=\"text-decoration: underline;\">Kontakt \u2192 Melissa<\/span><\/a><\/p><\/div><\/div><\/div><\/div><\/div><\/div><\/div>","protected":false},"excerpt":{"rendered":"<p>Unser Team engagieren Live UTI Free arbeitet mit Organisationen aus der Frauengesundheitsbranche zusammen, um die Erfahrungen und das Leben der Patienten in allen Bereichen der Gesundheit und des Wohlbefindens zu verbessern. Ob Sie nun auf der Suche nach engagieren unsere Gemeinschaft, lernen von Ihre Kunden, oder Forschung finanzieren zu finanzieren, die das Leben der Menschen ver\u00e4ndern wird, sind Sie bei &#8230; <\/p>\n<div><a href=\"https:\/\/prem-staging.liveutifree.com\/de\/arbeiten-sie-mit-uns-luf\/\" class=\"more-link\">Read More<\/a><\/div>\n","protected":false},"author":1030,"featured_media":0,"parent":0,"menu_order":193,"comment_status":"closed","ping_status":"closed","template":"template-blank-4.php","meta":{"_acf_changed":false,"inline_featured_image":false,"footnotes":""},"class_list":["post-554564","page","type-page","status-publish","hentry","no-post-thumbnail"],"acf":[],"featured_image_src":null,"_links":{"self":[{"href":"https:\/\/prem-staging.liveutifree.com\/de\/wp-json\/wp\/v2\/pages\/554564","targetHints":{"allow":["GET"]}}],"collection":[{"href":"https:\/\/prem-staging.liveutifree.com\/de\/wp-json\/wp\/v2\/pages"}],"about":[{"href":"https:\/\/prem-staging.liveutifree.com\/de\/wp-json\/wp\/v2\/types\/page"}],"author":[{"embeddable":true,"href":"https:\/\/prem-staging.liveutifree.com\/de\/wp-json\/wp\/v2\/users\/1030"}],"replies":[{"embeddable":true,"href":"https:\/\/prem-staging.liveutifree.com\/de\/wp-json\/wp\/v2\/comments?post=554564"}],"version-history":[{"count":7,"href":"https:\/\/prem-staging.liveutifree.com\/de\/wp-json\/wp\/v2\/pages\/554564\/revisions"}],"predecessor-version":[{"id":579576,"href":"https:\/\/prem-staging.liveutifree.com\/de\/wp-json\/wp\/v2\/pages\/554564\/revisions\/579576"}],"wp:attachment":[{"href":"https:\/\/prem-staging.liveutifree.com\/de\/wp-json\/wp\/v2\/media?parent=554564"}],"curies":[{"name":"wp","href":"https:\/\/api.w.org\/{rel}","templated":true}]}}